{"id":219398,"date":"2024-09-29T00:10:13","date_gmt":"2024-09-29T00:10:13","guid":{"rendered":"https:\/\/irankiuzona.lt\/product\/gelezte-vienpuse-metalui-12x300-mm\/"},"modified":"2026-04-22T00:48:15","modified_gmt":"2026-04-22T00:48:15","slug":"gelezte-vienpuse-metalui-12x300-mm","status":"publish","type":"product","link":"https:\/\/irankiuzona.lt\/ru\/product\/gelezte-vienpuse-metalui-12x300-mm\/","title":{"rendered":"Gele\u017et\u0117 vienpus\u0117 metalui 12&#215;300 mm"},"content":{"rendered":"","protected":false},"excerpt":{"rendered":"<p>Gele\u017et\u0117 vienpus\u0117 metalui 12&#215;300 mm<\/p>","protected":false},"featured_media":219400,"comment_status":"open","ping_status":"open","template":"","meta":[],"product_cat":[9456],"product_tag":[],"class_list":{"0":"post-219398","1":"product","2":"type-product","3":"status-publish","4":"has-post-thumbnail","6":"product_cat-geleztes-pjuklams","8":"first","9":"outofstock","10":"purchasable","11":"product-type-simple"},"jetpack_sharing_enabled":true,"_links":{"self":[{"href":"https:\/\/irankiuzona.lt\/ru\/wp-json\/wp\/v2\/product\/219398","targetHints":{"allow":["GET"]}}],"collection":[{"href":"https:\/\/irankiuzona.lt\/ru\/wp-json\/wp\/v2\/product"}],"about":[{"href":"https:\/\/irankiuzona.lt\/ru\/wp-json\/wp\/v2\/types\/product"}],"replies":[{"embeddable":true,"href":"https:\/\/irankiuzona.lt\/ru\/wp-json\/wp\/v2\/comments?post=219398"}],"version-history":[{"count":1,"href":"https:\/\/irankiuzona.lt\/ru\/wp-json\/wp\/v2\/product\/219398\/revisions"}],"predecessor-version":[{"id":430068,"href":"https:\/\/irankiuzona.lt\/ru\/wp-json\/wp\/v2\/product\/219398\/revisions\/430068"}],"wp:featuredmedia":[{"embeddable":true,"href":"https:\/\/irankiuzona.lt\/ru\/wp-json\/wp\/v2\/media\/219400"}],"wp:attachment":[{"href":"https:\/\/irankiuzona.lt\/ru\/wp-json\/wp\/v2\/media?parent=219398"}],"wp:term":[{"taxonomy":"product_cat","embeddable":true,"href":"https:\/\/irankiuzona.lt\/ru\/wp-json\/wp\/v2\/product_cat?post=219398"},{"taxonomy":"product_tag","embeddable":true,"href":"https:\/\/irankiuzona.lt\/ru\/wp-json\/wp\/v2\/product_tag?post=219398"}],"curies":[{"name":"wp","href":"https:\/\/api.w.org\/{rel}","templated":true}]}}