{"id":219780,"date":"2024-09-29T00:10:44","date_gmt":"2024-09-29T00:10:44","guid":{"rendered":"https:\/\/irankiuzona.lt\/product\/ipresuotu-ilgu-1-2-torx-antgaliu-rinkinys-9-vnt\/"},"modified":"2026-05-13T22:27:20","modified_gmt":"2026-05-13T22:27:20","slug":"ipresuotu-ilgu-1-2-torx-antgaliu-rinkinys-9-vnt","status":"publish","type":"product","link":"https:\/\/irankiuzona.lt\/ru\/product\/ipresuotu-ilgu-1-2-torx-antgaliu-rinkinys-9-vnt\/","title":{"rendered":"\u012epresuot\u0173 ilg\u0173 1\/2 TORX antgali\u0173 rinkinys 9 vnt."},"content":{"rendered":"<p>1\/2&quot;-Antrieb, Chrom-Vanadium-Stahl, 9-tlg. T-Profil<br \/>\n9 Eins\u00e4tze, 100 mm lang  T20, 25, 27, 30, 40, 45, 50, 55, 60<\/p>","protected":false},"excerpt":{"rendered":"<p>\u012epresuot\u0173 1\/2 ilg\u0173 TORX antgali\u0173 rinkinys 9 vnt. (T20-T60)<\/p>","protected":false},"featured_media":219782,"comment_status":"open","ping_status":"open","template":"","meta":[],"product_cat":[9506],"product_tag":[9462],"class_list":{"0":"post-219780","1":"product","2":"type-product","3":"status-publish","4":"has-post-thumbnail","6":"product_brand-condor-werkzeug-vokietija","7":"product_cat-ipresuotu-antgaliu-komplektai","8":"product_tag-condor-werkzeug-vokietija","10":"first","11":"instock","12":"purchasable","13":"product-type-simple"},"jetpack_sharing_enabled":true,"_links":{"self":[{"href":"https:\/\/irankiuzona.lt\/ru\/wp-json\/wp\/v2\/product\/219780","targetHints":{"allow":["GET"]}}],"collection":[{"href":"https:\/\/irankiuzona.lt\/ru\/wp-json\/wp\/v2\/product"}],"about":[{"href":"https:\/\/irankiuzona.lt\/ru\/wp-json\/wp\/v2\/types\/product"}],"replies":[{"embeddable":true,"href":"https:\/\/irankiuzona.lt\/ru\/wp-json\/wp\/v2\/comments?post=219780"}],"version-history":[{"count":1,"href":"https:\/\/irankiuzona.lt\/ru\/wp-json\/wp\/v2\/product\/219780\/revisions"}],"predecessor-version":[{"id":408780,"href":"https:\/\/irankiuzona.lt\/ru\/wp-json\/wp\/v2\/product\/219780\/revisions\/408780"}],"wp:featuredmedia":[{"embeddable":true,"href":"https:\/\/irankiuzona.lt\/ru\/wp-json\/wp\/v2\/media\/219782"}],"wp:attachment":[{"href":"https:\/\/irankiuzona.lt\/ru\/wp-json\/wp\/v2\/media?parent=219780"}],"wp:term":[{"taxonomy":"product_cat","embeddable":true,"href":"https:\/\/irankiuzona.lt\/ru\/wp-json\/wp\/v2\/product_cat?post=219780"},{"taxonomy":"product_tag","embeddable":true,"href":"https:\/\/irankiuzona.lt\/ru\/wp-json\/wp\/v2\/product_tag?post=219780"}],"curies":[{"name":"wp","href":"https:\/\/api.w.org\/{rel}","templated":true}]}}