{"id":219815,"date":"2024-09-29T00:10:47","date_gmt":"2024-09-29T00:10:47","guid":{"rendered":"https:\/\/irankiuzona.lt\/product\/prailgintuvai-1-43-81-2-dezuteje-9vnt\/"},"modified":"2026-05-16T23:09:21","modified_gmt":"2026-05-16T23:09:21","slug":"prailgintuvai-1-43-81-2-dezuteje-9vnt","status":"publish","type":"product","link":"https:\/\/irankiuzona.lt\/ru\/product\/prailgintuvai-1-43-81-2-dezuteje-9vnt\/","title":{"rendered":"Prailgintuvai 1\/4+3\/8+1\/2 d\u0117\u017eut\u0117je, 9vnt."},"content":{"rendered":"<p>1\/4&quot; 50 x 100\u00a0x 225 mm;  3\/8&quot; 75\u00a0x 150\u00a0x 225 mm;  1\/2&quot; 50\u00a0x 125\u00a0x 250 mm<\/p>","protected":false},"excerpt":{"rendered":"<p>Prailgintuv\u0173 komplektas\u00a01\/4+3\/8+1\/2 galvut\u0117ms, d\u0117\u017eut\u0117je<\/p>","protected":false},"featured_media":219817,"comment_status":"open","ping_status":"open","template":"","meta":[],"product_cat":[9509],"product_tag":[9462],"class_list":{"0":"post-219815","1":"product","2":"type-product","3":"status-publish","4":"has-post-thumbnail","6":"product_brand-condor-werkzeug-vokietija","7":"product_cat-prailgintuvu-komplektai","8":"product_tag-condor-werkzeug-vokietija","10":"first","11":"instock","12":"purchasable","13":"product-type-simple"},"jetpack_sharing_enabled":true,"_links":{"self":[{"href":"https:\/\/irankiuzona.lt\/ru\/wp-json\/wp\/v2\/product\/219815","targetHints":{"allow":["GET"]}}],"collection":[{"href":"https:\/\/irankiuzona.lt\/ru\/wp-json\/wp\/v2\/product"}],"about":[{"href":"https:\/\/irankiuzona.lt\/ru\/wp-json\/wp\/v2\/types\/product"}],"replies":[{"embeddable":true,"href":"https:\/\/irankiuzona.lt\/ru\/wp-json\/wp\/v2\/comments?post=219815"}],"version-history":[{"count":1,"href":"https:\/\/irankiuzona.lt\/ru\/wp-json\/wp\/v2\/product\/219815\/revisions"}],"predecessor-version":[{"id":408792,"href":"https:\/\/irankiuzona.lt\/ru\/wp-json\/wp\/v2\/product\/219815\/revisions\/408792"}],"wp:featuredmedia":[{"embeddable":true,"href":"https:\/\/irankiuzona.lt\/ru\/wp-json\/wp\/v2\/media\/219817"}],"wp:attachment":[{"href":"https:\/\/irankiuzona.lt\/ru\/wp-json\/wp\/v2\/media?parent=219815"}],"wp:term":[{"taxonomy":"product_cat","embeddable":true,"href":"https:\/\/irankiuzona.lt\/ru\/wp-json\/wp\/v2\/product_cat?post=219815"},{"taxonomy":"product_tag","embeddable":true,"href":"https:\/\/irankiuzona.lt\/ru\/wp-json\/wp\/v2\/product_tag?post=219815"}],"curies":[{"name":"wp","href":"https:\/\/api.w.org\/{rel}","templated":true}]}}