{"id":219832,"date":"2024-09-29T00:10:49","date_gmt":"2024-09-29T00:10:49","guid":{"rendered":"https:\/\/irankiuzona.lt\/product\/perejimai-cr-mo-6vnt\/"},"modified":"2026-04-10T16:33:40","modified_gmt":"2026-04-10T16:33:40","slug":"perejimai-cr-mo-6vnt","status":"publish","type":"product","link":"https:\/\/irankiuzona.lt\/ru\/product\/perejimai-cr-mo-6vnt\/","title":{"rendered":"Per\u0117jimai Cr-Mo 6vnt."},"content":{"rendered":"<p>&#8211; 1\/4&quot; x 3\/8&quot; &#8211; 3\/8&quot; x 1\/4&quot; &#8211; 3\/8&quot; x 1\/2&quot;  &#8211; 1\/2&quot; x 3\/8&quot;  &#8211; 1\/2&quot; x 3\/4&quot;  &#8211; 3\/4&quot; x 1\/2&quot;<\/p>","protected":false},"excerpt":{"rendered":"<p>Sm\u016bgini\u0173 per\u0117jim\u0173 komplektas \/ adapteri\u0173 galvut\u0117ms komplektas Cr-Mo<\/p>","protected":false},"featured_media":219834,"comment_status":"open","ping_status":"open","template":"","meta":[],"product_cat":[9514],"product_tag":[9462],"class_list":{"0":"post-219832","1":"product","2":"type-product","3":"status-publish","4":"has-post-thumbnail","6":"product_brand-condor-werkzeug-vokietija","7":"product_cat-smuginiai-cr-mo-perejimai","8":"product_tag-condor-werkzeug-vokietija","10":"first","11":"instock","12":"purchasable","13":"product-type-simple"},"jetpack_sharing_enabled":true,"_links":{"self":[{"href":"https:\/\/irankiuzona.lt\/ru\/wp-json\/wp\/v2\/product\/219832","targetHints":{"allow":["GET"]}}],"collection":[{"href":"https:\/\/irankiuzona.lt\/ru\/wp-json\/wp\/v2\/product"}],"about":[{"href":"https:\/\/irankiuzona.lt\/ru\/wp-json\/wp\/v2\/types\/product"}],"replies":[{"embeddable":true,"href":"https:\/\/irankiuzona.lt\/ru\/wp-json\/wp\/v2\/comments?post=219832"}],"version-history":[{"count":1,"href":"https:\/\/irankiuzona.lt\/ru\/wp-json\/wp\/v2\/product\/219832\/revisions"}],"predecessor-version":[{"id":408798,"href":"https:\/\/irankiuzona.lt\/ru\/wp-json\/wp\/v2\/product\/219832\/revisions\/408798"}],"wp:featuredmedia":[{"embeddable":true,"href":"https:\/\/irankiuzona.lt\/ru\/wp-json\/wp\/v2\/media\/219834"}],"wp:attachment":[{"href":"https:\/\/irankiuzona.lt\/ru\/wp-json\/wp\/v2\/media?parent=219832"}],"wp:term":[{"taxonomy":"product_cat","embeddable":true,"href":"https:\/\/irankiuzona.lt\/ru\/wp-json\/wp\/v2\/product_cat?post=219832"},{"taxonomy":"product_tag","embeddable":true,"href":"https:\/\/irankiuzona.lt\/ru\/wp-json\/wp\/v2\/product_tag?post=219832"}],"curies":[{"name":"wp","href":"https:\/\/api.w.org\/{rel}","templated":true}]}}