{"id":219866,"date":"2024-09-29T00:10:52","date_gmt":"2024-09-29T00:10:52","guid":{"rendered":"https:\/\/irankiuzona.lt\/product\/dvigubo-ziedo-kilpiniu-raktu-komplektas-6-22-mm\/"},"modified":"2026-05-14T18:30:33","modified_gmt":"2026-05-14T18:30:33","slug":"dvigubo-ziedo-kilpiniu-raktu-komplektas-6-22-mm","status":"publish","type":"product","link":"https:\/\/irankiuzona.lt\/ru\/product\/dvigubo-ziedo-kilpiniu-raktu-komplektas-6-22-mm\/","title":{"rendered":"Dvigubo \u017eiedo \/ kilpini\u0173 rakt\u0173 komplektas (6-22 mm)"},"content":{"rendered":"<p>Komplekte:6&#215;7 , 8&#215;9 , 10&#215;11 , 12&#215;13 , 14&#215;15 , 16&#215;17 , 18&#215;19 , 20&#215;22 mm<\/p>","protected":false},"excerpt":{"rendered":"<p>Dvigubo \u017eiedo \/ kilpini\u0173 rakt\u0173 komplektas (6-22 mm) paklod\u0117je<\/p>","protected":false},"featured_media":219868,"comment_status":"open","ping_status":"closed","template":"","meta":[],"product_cat":[9520],"product_tag":[9462],"class_list":{"0":"post-219866","1":"product","2":"type-product","3":"status-publish","4":"has-post-thumbnail","6":"product_brand-condor-werkzeug-vokietija","7":"product_cat-kilpiniai-raktai-ju-komplektai","8":"product_tag-condor-werkzeug-vokietija","10":"first","11":"instock","12":"purchasable","13":"product-type-simple"},"jetpack_sharing_enabled":true,"_links":{"self":[{"href":"https:\/\/irankiuzona.lt\/ru\/wp-json\/wp\/v2\/product\/219866","targetHints":{"allow":["GET"]}}],"collection":[{"href":"https:\/\/irankiuzona.lt\/ru\/wp-json\/wp\/v2\/product"}],"about":[{"href":"https:\/\/irankiuzona.lt\/ru\/wp-json\/wp\/v2\/types\/product"}],"replies":[{"embeddable":true,"href":"https:\/\/irankiuzona.lt\/ru\/wp-json\/wp\/v2\/comments?post=219866"}],"version-history":[{"count":1,"href":"https:\/\/irankiuzona.lt\/ru\/wp-json\/wp\/v2\/product\/219866\/revisions"}],"predecessor-version":[{"id":408811,"href":"https:\/\/irankiuzona.lt\/ru\/wp-json\/wp\/v2\/product\/219866\/revisions\/408811"}],"wp:featuredmedia":[{"embeddable":true,"href":"https:\/\/irankiuzona.lt\/ru\/wp-json\/wp\/v2\/media\/219868"}],"wp:attachment":[{"href":"https:\/\/irankiuzona.lt\/ru\/wp-json\/wp\/v2\/media?parent=219866"}],"wp:term":[{"taxonomy":"product_cat","embeddable":true,"href":"https:\/\/irankiuzona.lt\/ru\/wp-json\/wp\/v2\/product_cat?post=219866"},{"taxonomy":"product_tag","embeddable":true,"href":"https:\/\/irankiuzona.lt\/ru\/wp-json\/wp\/v2\/product_tag?post=219866"}],"curies":[{"name":"wp","href":"https:\/\/api.w.org\/{rel}","templated":true}]}}