{"id":219983,"date":"2024-09-29T00:11:04","date_gmt":"2024-09-29T00:11:04","guid":{"rendered":"https:\/\/irankiuzona.lt\/product\/guolio-nuemejas-nutraukejas-vidinis\/"},"modified":"2026-04-17T15:48:38","modified_gmt":"2026-04-17T15:48:38","slug":"guolio-nuemejas-nutraukejas-vidinis","status":"publish","type":"product","link":"https:\/\/irankiuzona.lt\/ru\/product\/guolio-nuemejas-nutraukejas-vidinis\/","title":{"rendered":"Guolio nu\u0117m\u0117jas, nutrauk\u0117jas (vidinis)"},"content":{"rendered":"<p>\u012erankis guoliui nuimti (vidinis) \u00f8 20-95 mm  Apra\u0161ymas angl\u0173 kalba:  Ball bearing remover set for bearings in the clamping range from 20 &#8211;\u00a095 mm.  The ball cage is destroyed by drilling open and the ball segments are inserted between inner and outer ring, turned through 90\u00b0 and pulled out with the aid of the crossbar and pressure spindle.<\/p>\n<p>for ball bearings with housing<br \/>\nsuitable for following bearings: Nr. 6004-6010, Nr. 6201-6206, Nr. 6300-6304<br \/>\ncontent:1 yoke, 1 spindle2 arms, 2 extensions6 puller hooks<\/p>","protected":false},"excerpt":{"rendered":"<p>Guolio nu\u0117m\u0117jas, nutrauk\u0117jas (vidinis)<\/p>","protected":false},"featured_media":219985,"comment_status":"open","ping_status":"open","template":"","meta":[],"product_cat":[9533],"product_tag":[9462],"class_list":{"0":"post-219983","1":"product","2":"type-product","3":"status-publish","4":"has-post-thumbnail","6":"product_brand-condor-werkzeug-vokietija","7":"product_cat-vidiniu-guoliu-nuemejai-istraukejai","8":"product_tag-condor-werkzeug-vokietija","10":"first","11":"instock","12":"purchasable","13":"product-type-simple"},"jetpack_sharing_enabled":true,"_links":{"self":[{"href":"https:\/\/irankiuzona.lt\/ru\/wp-json\/wp\/v2\/product\/219983","targetHints":{"allow":["GET"]}}],"collection":[{"href":"https:\/\/irankiuzona.lt\/ru\/wp-json\/wp\/v2\/product"}],"about":[{"href":"https:\/\/irankiuzona.lt\/ru\/wp-json\/wp\/v2\/types\/product"}],"replies":[{"embeddable":true,"href":"https:\/\/irankiuzona.lt\/ru\/wp-json\/wp\/v2\/comments?post=219983"}],"version-history":[{"count":1,"href":"https:\/\/irankiuzona.lt\/ru\/wp-json\/wp\/v2\/product\/219983\/revisions"}],"predecessor-version":[{"id":408858,"href":"https:\/\/irankiuzona.lt\/ru\/wp-json\/wp\/v2\/product\/219983\/revisions\/408858"}],"wp:featuredmedia":[{"embeddable":true,"href":"https:\/\/irankiuzona.lt\/ru\/wp-json\/wp\/v2\/media\/219985"}],"wp:attachment":[{"href":"https:\/\/irankiuzona.lt\/ru\/wp-json\/wp\/v2\/media?parent=219983"}],"wp:term":[{"taxonomy":"product_cat","embeddable":true,"href":"https:\/\/irankiuzona.lt\/ru\/wp-json\/wp\/v2\/product_cat?post=219983"},{"taxonomy":"product_tag","embeddable":true,"href":"https:\/\/irankiuzona.lt\/ru\/wp-json\/wp\/v2\/product_tag?post=219983"}],"curies":[{"name":"wp","href":"https:\/\/api.w.org\/{rel}","templated":true}]}}