{"id":219992,"date":"2024-09-29T00:11:05","date_gmt":"2024-09-29T00:11:05","guid":{"rendered":"https:\/\/irankiuzona.lt\/product\/nuemejas-pusmenulio-formos-30-50-mm\/"},"modified":"2026-04-13T17:12:50","modified_gmt":"2026-04-13T17:12:50","slug":"nuemejas-pusmenulio-formos-30-50-mm","status":"publish","type":"product","link":"https:\/\/irankiuzona.lt\/ru\/product\/nuemejas-pusmenulio-formos-30-50-mm\/","title":{"rendered":"Nu\u0117m\u0117jas pusm\u0117nulio formos 30-50 mm"},"content":{"rendered":"<p>Guoli\u0173 nu\u0117mimo \u012frankis 30-50 mm\u00a0<\/p>\n<p>for gear wheels and firmly seated components, forged and hardened<\/p>","protected":false},"excerpt":{"rendered":"<p>Guolio nu\u0117m\u0117jas, atskyr\u0117jas (pusm\u0117nulis) 30-50 mm<\/p>","protected":false},"featured_media":219994,"comment_status":"open","ping_status":"open","template":"","meta":[],"product_cat":[9536],"product_tag":[9462],"class_list":{"0":"post-219992","1":"product","2":"type-product","3":"status-publish","4":"has-post-thumbnail","6":"product_brand-condor-werkzeug-vokietija","7":"product_cat-lygiagretus-nuemejai-atskyrejai-pusmenuliai","8":"product_tag-condor-werkzeug-vokietija","10":"first","11":"instock","12":"purchasable","13":"product-type-simple"},"jetpack_sharing_enabled":true,"_links":{"self":[{"href":"https:\/\/irankiuzona.lt\/ru\/wp-json\/wp\/v2\/product\/219992","targetHints":{"allow":["GET"]}}],"collection":[{"href":"https:\/\/irankiuzona.lt\/ru\/wp-json\/wp\/v2\/product"}],"about":[{"href":"https:\/\/irankiuzona.lt\/ru\/wp-json\/wp\/v2\/types\/product"}],"replies":[{"embeddable":true,"href":"https:\/\/irankiuzona.lt\/ru\/wp-json\/wp\/v2\/comments?post=219992"}],"version-history":[{"count":1,"href":"https:\/\/irankiuzona.lt\/ru\/wp-json\/wp\/v2\/product\/219992\/revisions"}],"predecessor-version":[{"id":408861,"href":"https:\/\/irankiuzona.lt\/ru\/wp-json\/wp\/v2\/product\/219992\/revisions\/408861"}],"wp:featuredmedia":[{"embeddable":true,"href":"https:\/\/irankiuzona.lt\/ru\/wp-json\/wp\/v2\/media\/219994"}],"wp:attachment":[{"href":"https:\/\/irankiuzona.lt\/ru\/wp-json\/wp\/v2\/media?parent=219992"}],"wp:term":[{"taxonomy":"product_cat","embeddable":true,"href":"https:\/\/irankiuzona.lt\/ru\/wp-json\/wp\/v2\/product_cat?post=219992"},{"taxonomy":"product_tag","embeddable":true,"href":"https:\/\/irankiuzona.lt\/ru\/wp-json\/wp\/v2\/product_tag?post=219992"}],"curies":[{"name":"wp","href":"https:\/\/api.w.org\/{rel}","templated":true}]}}