{"id":220000,"date":"2024-09-29T00:11:06","date_gmt":"2024-09-29T00:11:06","guid":{"rendered":"https:\/\/irankiuzona.lt\/product\/duslintuvo-plestuvas-o-38-62-mm\/"},"modified":"2026-04-16T07:27:33","modified_gmt":"2026-04-16T07:27:33","slug":"duslintuvo-plestuvas-o-38-62-mm","status":"publish","type":"product","link":"https:\/\/irankiuzona.lt\/ru\/product\/duslintuvo-plestuvas-o-38-62-mm\/","title":{"rendered":"Duslintuvo pl\u0117stuvas \u00f8 38-62 mm"},"content":{"rendered":"<p>Pl\u0117stuvas duslintuvui \u00f8 38-62 mm\u00a0\u00a0\u00a0  Apra\u0161ymas angl\u0173 kalba:  Exhaust pipe expander\u00a0allows expansion by means of hot-air blower. In this state, leaks can be repaired more easily &#8211; ideal for classic cars Diameter\u00a038 &#8211;\u00a062 mm  \u00a0\u00a0\u00a0<\/p>","protected":false},"excerpt":{"rendered":"<p>Duslintuvo pl\u0117stuvas \u00f8 38-62 mm<\/p>","protected":false},"featured_media":220002,"comment_status":"open","ping_status":"open","template":"","meta":[],"product_cat":[9537],"product_tag":[9462],"class_list":{"0":"post-220000","1":"product","2":"type-product","3":"status-publish","4":"has-post-thumbnail","6":"product_brand-condor-werkzeug-vokietija","7":"product_cat-duslintuvo-remontui","8":"product_tag-condor-werkzeug-vokietija","10":"first","11":"instock","12":"purchasable","13":"product-type-simple"},"jetpack_sharing_enabled":true,"_links":{"self":[{"href":"https:\/\/irankiuzona.lt\/ru\/wp-json\/wp\/v2\/product\/220000","targetHints":{"allow":["GET"]}}],"collection":[{"href":"https:\/\/irankiuzona.lt\/ru\/wp-json\/wp\/v2\/product"}],"about":[{"href":"https:\/\/irankiuzona.lt\/ru\/wp-json\/wp\/v2\/types\/product"}],"replies":[{"embeddable":true,"href":"https:\/\/irankiuzona.lt\/ru\/wp-json\/wp\/v2\/comments?post=220000"}],"version-history":[{"count":1,"href":"https:\/\/irankiuzona.lt\/ru\/wp-json\/wp\/v2\/product\/220000\/revisions"}],"predecessor-version":[{"id":408864,"href":"https:\/\/irankiuzona.lt\/ru\/wp-json\/wp\/v2\/product\/220000\/revisions\/408864"}],"wp:featuredmedia":[{"embeddable":true,"href":"https:\/\/irankiuzona.lt\/ru\/wp-json\/wp\/v2\/media\/220002"}],"wp:attachment":[{"href":"https:\/\/irankiuzona.lt\/ru\/wp-json\/wp\/v2\/media?parent=220000"}],"wp:term":[{"taxonomy":"product_cat","embeddable":true,"href":"https:\/\/irankiuzona.lt\/ru\/wp-json\/wp\/v2\/product_cat?post=220000"},{"taxonomy":"product_tag","embeddable":true,"href":"https:\/\/irankiuzona.lt\/ru\/wp-json\/wp\/v2\/product_tag?post=220000"}],"curies":[{"name":"wp","href":"https:\/\/api.w.org\/{rel}","templated":true}]}}