{"id":220032,"date":"2024-09-29T00:11:09","date_gmt":"2024-09-29T00:11:09","guid":{"rendered":"https:\/\/irankiuzona.lt\/product\/fiksatoriai-varikliui-vag-audi-vw-seat-skoda-ir-ford-12-14-19-tdi-pd\/"},"modified":"2026-05-14T06:57:29","modified_gmt":"2026-05-14T06:57:29","slug":"fiksatoriai-varikliui-vag-audi-vw-seat-skoda-ir-ford-12-14-19-tdi-pd","status":"publish","type":"product","link":"https:\/\/irankiuzona.lt\/ru\/product\/fiksatoriai-varikliui-vag-audi-vw-seat-skoda-ir-ford-12-14-19-tdi-pd\/","title":{"rendered":"Fiksatoriai varikliui (VAG\/ Audi, VW, Seat, \u0160koda ir Ford 1,2 1,4 1,9 TDI PD)"},"content":{"rendered":"<p>U\u017eblokuoti: &#8211;\u00a0\u012fpur\u0161kimo siurblio skremul\u012f VW-AUDI, SEAT, SKODA, 1.9D SD, SDI, TD ir TDI &#8211; alk\u016bnin\u012f velen\u0105 VW-AUDI, FORD, SEAT, SKODA, TDI, TD, D ir benzininiams varikliams<br \/>\nTinka VAG turbo dyzeliniams varikliams    Varikli\u0173 kodai: ANY, AYZ, AMF, ATL, BAY, BHC, BNM, BNV, AJM, AMG, ANU, ARL, ARX, ASZ, ATD, ATJ, AUY, AVB, AVF, AVQ, AWX, AXB, AXC, AXR, BEW, BJB, BKC, BKE, BLS, BLT, BPX, BRB, BRM, BRU, BSV, BSW, BTB, BVK, ANU, ASZ, AUY AZV, BKD, BDJ, BDK, BGW, BHW, BKP, BLB, BMA, BMM, BMN, BMP, BMR, BNA, BPW, BRC, BRE, BRF, BRT, BSS, BUY, BUZ, BVE, BVF, BVG, BVH, BWV  \u00a0<br \/>\nPapildoma informacija: 1 pav.<\/p>","protected":false},"excerpt":{"rendered":"<p>Fiksatoriai varikliui (VAG\/ Audi, VW, Seat, \u0160koda ir Ford 1,2 1,4 1,9 TDI PD)<\/p>","protected":false},"featured_media":220034,"comment_status":"open","ping_status":"open","template":"","meta":[],"product_cat":[9543],"product_tag":[9462],"class_list":{"0":"post-220032","1":"product","2":"type-product","3":"status-publish","4":"has-post-thumbnail","6":"product_brand-condor-werkzeug-vokietija","7":"product_cat-vag-vw-skoda-blokatoriai","8":"product_tag-condor-werkzeug-vokietija","10":"first","11":"instock","12":"purchasable","13":"product-type-simple"},"jetpack_sharing_enabled":true,"_links":{"self":[{"href":"https:\/\/irankiuzona.lt\/ru\/wp-json\/wp\/v2\/product\/220032","targetHints":{"allow":["GET"]}}],"collection":[{"href":"https:\/\/irankiuzona.lt\/ru\/wp-json\/wp\/v2\/product"}],"about":[{"href":"https:\/\/irankiuzona.lt\/ru\/wp-json\/wp\/v2\/types\/product"}],"replies":[{"embeddable":true,"href":"https:\/\/irankiuzona.lt\/ru\/wp-json\/wp\/v2\/comments?post=220032"}],"version-history":[{"count":1,"href":"https:\/\/irankiuzona.lt\/ru\/wp-json\/wp\/v2\/product\/220032\/revisions"}],"predecessor-version":[{"id":408875,"href":"https:\/\/irankiuzona.lt\/ru\/wp-json\/wp\/v2\/product\/220032\/revisions\/408875"}],"wp:featuredmedia":[{"embeddable":true,"href":"https:\/\/irankiuzona.lt\/ru\/wp-json\/wp\/v2\/media\/220034"}],"wp:attachment":[{"href":"https:\/\/irankiuzona.lt\/ru\/wp-json\/wp\/v2\/media?parent=220032"}],"wp:term":[{"taxonomy":"product_cat","embeddable":true,"href":"https:\/\/irankiuzona.lt\/ru\/wp-json\/wp\/v2\/product_cat?post=220032"},{"taxonomy":"product_tag","embeddable":true,"href":"https:\/\/irankiuzona.lt\/ru\/wp-json\/wp\/v2\/product_tag?post=220032"}],"curies":[{"name":"wp","href":"https:\/\/api.w.org\/{rel}","templated":true}]}}