{"id":220050,"date":"2024-09-29T00:11:10","date_gmt":"2024-09-29T00:11:10","guid":{"rendered":"https:\/\/irankiuzona.lt\/product\/filtro-nuemimo-galvu-ai-k-tas-17-daliu\/"},"modified":"2026-04-13T07:46:08","modified_gmt":"2026-04-13T07:46:08","slug":"filtro-nuemimo-galvu-ai-k-tas-17-daliu","status":"publish","type":"product","link":"https:\/\/irankiuzona.lt\/ru\/product\/filtro-nuemimo-galvu-ai-k-tas-17-daliu\/","title":{"rendered":"Filtro nu\u0117mimo galv\u0173 AI k-tas 17 dali\u0173"},"content":{"rendered":"<p>Filtro nu\u0117mimo galv\u0173 AI k-tas 17 dali\u0173    Apra\u0161ymas vokie\u010di\u0173 kalba:\u00a0<br \/>\n\u00d6lfilterkappen-Satz, 17-tlg.  Kappen aus Aluminium-Druckguss mit 27 mm Ringschl\u00fcssel und Umschaltknarre 1\/2&quot;-Antrieb  15 \u00d6lfilterkappen mit 1\/2&quot;-Antrieb und 27 mm Aussensechskant, 64-101 mm<\/p>\n<p>64 mm &#8211; 14-Kant f\u00fcr Toyota \/ Nissan 67 mm &#8211; 14-Kant f\u00fcr Ford \/ Mazda 74 mm &#8211; 14-Kant f\u00fcr BMW \/ Audi \/ VW \/ Opel 79 mm &#8211; 15-Kant f\u00fcr Ford \/ Daihatsu 73 mm &#8211; 15-Kant f\u00fcr General Motors \/ Mitsubishi 84 mm &#8211; 18-Kant f\u00fcr Peugeot \/ Citroen \/ Renault 89 mm &#8211; 15-Kant f\u00fcr Honda Civic \/ Mitsubishi 91 mm &#8211; 15-Kant f\u00fcr Toyota \/ Nissan 92 mm &#8211; 15-Kant f\u00fcr Honda Civic \/ Toyota 95 mm &#8211; 15-Kant f\u00fcr General Motors \/ Ford \/ Alfa Romeo 76 mm &#8211; 12-Kant f\u00fcr Ford \/ Mazda \/ Mitsubishi \/ Daihatsu 79 mm &#8211; 15-Kant f\u00fcr Honda Accord \/ Nissan \/ Toyota 86 mm &#8211; 14-Kant f\u00fcr Mitsubishi \/ Mazda 91 mm &#8211; 15-Kant f\u00fcr General Motors \/ Ford \/ Lancia \/ Fiat 101 mm &#8211; 15-Kant f\u00fcr Daihatsu \/ Mazda \/ Mitsubishi \/ Toyota<\/p>\n<p> 1 pav.<\/p>","protected":false},"excerpt":{"rendered":"<p>Filtro nu\u0117mimo galv\u0173 AI k-tas 17 dali\u0173<\/p>","protected":false},"featured_media":220052,"comment_status":"open","ping_status":"open","template":"","meta":[],"product_cat":[9547],"product_tag":[9462],"class_list":{"0":"post-220050","1":"product","2":"type-product","3":"status-publish","4":"has-post-thumbnail","6":"product_brand-condor-werkzeug-vokietija","7":"product_cat-galvu-komplektai-tepalo-filtrams","8":"product_tag-condor-werkzeug-vokietija","10":"first","11":"outofstock","12":"purchasable","13":"product-type-simple"},"jetpack_sharing_enabled":true,"_links":{"self":[{"href":"https:\/\/irankiuzona.lt\/ru\/wp-json\/wp\/v2\/product\/220050","targetHints":{"allow":["GET"]}}],"collection":[{"href":"https:\/\/irankiuzona.lt\/ru\/wp-json\/wp\/v2\/product"}],"about":[{"href":"https:\/\/irankiuzona.lt\/ru\/wp-json\/wp\/v2\/types\/product"}],"replies":[{"embeddable":true,"href":"https:\/\/irankiuzona.lt\/ru\/wp-json\/wp\/v2\/comments?post=220050"}],"version-history":[{"count":1,"href":"https:\/\/irankiuzona.lt\/ru\/wp-json\/wp\/v2\/product\/220050\/revisions"}],"predecessor-version":[{"id":408881,"href":"https:\/\/irankiuzona.lt\/ru\/wp-json\/wp\/v2\/product\/220050\/revisions\/408881"}],"wp:featuredmedia":[{"embeddable":true,"href":"https:\/\/irankiuzona.lt\/ru\/wp-json\/wp\/v2\/media\/220052"}],"wp:attachment":[{"href":"https:\/\/irankiuzona.lt\/ru\/wp-json\/wp\/v2\/media?parent=220050"}],"wp:term":[{"taxonomy":"product_cat","embeddable":true,"href":"https:\/\/irankiuzona.lt\/ru\/wp-json\/wp\/v2\/product_cat?post=220050"},{"taxonomy":"product_tag","embeddable":true,"href":"https:\/\/irankiuzona.lt\/ru\/wp-json\/wp\/v2\/product_tag?post=220050"}],"curies":[{"name":"wp","href":"https:\/\/api.w.org\/{rel}","templated":true}]}}