{"id":220085,"date":"2024-09-29T00:11:15","date_gmt":"2024-09-29T00:11:15","guid":{"rendered":"https:\/\/irankiuzona.lt\/product\/cilindru-sveitiklis-dvisparnis-o-18-63-mm-1-4-honingas\/"},"modified":"2026-04-15T16:12:45","modified_gmt":"2026-04-15T16:12:45","slug":"cilindru-sveitiklis-dvisparnis-o-18-63-mm-1-4-honingas","status":"publish","type":"product","link":"https:\/\/irankiuzona.lt\/ru\/product\/cilindru-sveitiklis-dvisparnis-o-18-63-mm-1-4-honingas\/","title":{"rendered":"Cilindr\u0173 \u0161veitiklis dvisparnis \u00f8 18-63 mm 1\/4&quot; (honingas)"},"content":{"rendered":"<p>Cilindr\u0173 \u0161veitiklis dvisparnis \u00f8 18-63 mm 1\/4&quot;<\/p>","protected":false},"excerpt":{"rendered":"<p>Cilindr\u0173 \u0161veitiklis dvisparnis \u00f8 18-63 mm 1\/4&quot; (honingas)<\/p>","protected":false},"featured_media":220087,"comment_status":"open","ping_status":"open","template":"","meta":[],"product_cat":[9555],"product_tag":[9462],"class_list":{"0":"post-220085","1":"product","2":"type-product","3":"status-publish","4":"has-post-thumbnail","6":"product_brand-condor-werkzeug-vokietija","7":"product_cat-irankiai-honingavimui-slifavimui","8":"product_tag-condor-werkzeug-vokietija","10":"first","11":"instock","12":"purchasable","13":"product-type-simple"},"jetpack_sharing_enabled":true,"_links":{"self":[{"href":"https:\/\/irankiuzona.lt\/ru\/wp-json\/wp\/v2\/product\/220085","targetHints":{"allow":["GET"]}}],"collection":[{"href":"https:\/\/irankiuzona.lt\/ru\/wp-json\/wp\/v2\/product"}],"about":[{"href":"https:\/\/irankiuzona.lt\/ru\/wp-json\/wp\/v2\/types\/product"}],"replies":[{"embeddable":true,"href":"https:\/\/irankiuzona.lt\/ru\/wp-json\/wp\/v2\/comments?post=220085"}],"version-history":[{"count":1,"href":"https:\/\/irankiuzona.lt\/ru\/wp-json\/wp\/v2\/product\/220085\/revisions"}],"predecessor-version":[{"id":408893,"href":"https:\/\/irankiuzona.lt\/ru\/wp-json\/wp\/v2\/product\/220085\/revisions\/408893"}],"wp:featuredmedia":[{"embeddable":true,"href":"https:\/\/irankiuzona.lt\/ru\/wp-json\/wp\/v2\/media\/220087"}],"wp:attachment":[{"href":"https:\/\/irankiuzona.lt\/ru\/wp-json\/wp\/v2\/media?parent=220085"}],"wp:term":[{"taxonomy":"product_cat","embeddable":true,"href":"https:\/\/irankiuzona.lt\/ru\/wp-json\/wp\/v2\/product_cat?post=220085"},{"taxonomy":"product_tag","embeddable":true,"href":"https:\/\/irankiuzona.lt\/ru\/wp-json\/wp\/v2\/product_tag?post=220085"}],"curies":[{"name":"wp","href":"https:\/\/api.w.org\/{rel}","templated":true}]}}