{"id":220091,"date":"2024-09-29T00:11:15","date_gmt":"2024-09-29T00:11:15","guid":{"rendered":"https:\/\/irankiuzona.lt\/product\/cilindru-sveitiklis-trisparnis-o-51-178-mm-honingas\/"},"modified":"2026-04-15T18:18:22","modified_gmt":"2026-04-15T18:18:22","slug":"cilindru-sveitiklis-trisparnis-o-51-178-mm-honingas","status":"publish","type":"product","link":"https:\/\/irankiuzona.lt\/ru\/product\/cilindru-sveitiklis-trisparnis-o-51-178-mm-honingas\/","title":{"rendered":"Cilindr\u0173 \u0161veitiklis trisparnis \u00f8 51-178 mm (honingas)"},"content":{"rendered":"<p>Cilindr\u0173 \u0161veitiklis trisparnis \u00f8 51-178 mm 1\/4&quot;   Apra\u0161ymas angl\u0173 kalba<br \/>\n&#8211; 1\/4&quot; drive shaft  &#8211; no cuts in the cylinder due \u00a0 to adjustable pressure &#8211; 100 mm medium hard grinding heads  Papildoma informacija: 1 pav.<\/p>","protected":false},"excerpt":{"rendered":"<p>Cilindr\u0173 \u0161veitiklis trisparnis \u00f8 51-178 mm (honingas)<\/p>","protected":false},"featured_media":220093,"comment_status":"open","ping_status":"open","template":"","meta":[],"product_cat":[9555],"product_tag":[9462],"class_list":{"0":"post-220091","1":"product","2":"type-product","3":"status-publish","4":"has-post-thumbnail","6":"product_brand-condor-werkzeug-vokietija","7":"product_cat-irankiai-honingavimui-slifavimui","8":"product_tag-condor-werkzeug-vokietija","10":"first","11":"instock","12":"purchasable","13":"product-type-simple"},"jetpack_sharing_enabled":true,"_links":{"self":[{"href":"https:\/\/irankiuzona.lt\/ru\/wp-json\/wp\/v2\/product\/220091","targetHints":{"allow":["GET"]}}],"collection":[{"href":"https:\/\/irankiuzona.lt\/ru\/wp-json\/wp\/v2\/product"}],"about":[{"href":"https:\/\/irankiuzona.lt\/ru\/wp-json\/wp\/v2\/types\/product"}],"replies":[{"embeddable":true,"href":"https:\/\/irankiuzona.lt\/ru\/wp-json\/wp\/v2\/comments?post=220091"}],"version-history":[{"count":1,"href":"https:\/\/irankiuzona.lt\/ru\/wp-json\/wp\/v2\/product\/220091\/revisions"}],"predecessor-version":[{"id":408895,"href":"https:\/\/irankiuzona.lt\/ru\/wp-json\/wp\/v2\/product\/220091\/revisions\/408895"}],"wp:featuredmedia":[{"embeddable":true,"href":"https:\/\/irankiuzona.lt\/ru\/wp-json\/wp\/v2\/media\/220093"}],"wp:attachment":[{"href":"https:\/\/irankiuzona.lt\/ru\/wp-json\/wp\/v2\/media?parent=220091"}],"wp:term":[{"taxonomy":"product_cat","embeddable":true,"href":"https:\/\/irankiuzona.lt\/ru\/wp-json\/wp\/v2\/product_cat?post=220091"},{"taxonomy":"product_tag","embeddable":true,"href":"https:\/\/irankiuzona.lt\/ru\/wp-json\/wp\/v2\/product_tag?post=220091"}],"curies":[{"name":"wp","href":"https:\/\/api.w.org\/{rel}","templated":true}]}}