{"id":220096,"date":"2024-09-29T00:11:15","date_gmt":"2024-09-29T00:11:15","guid":{"rendered":"https:\/\/irankiuzona.lt\/product\/irankiai-sugadintu-nuluzusiu-varztu-issukimui-m5-m16-25-daliu\/"},"modified":"2026-05-15T02:21:04","modified_gmt":"2026-05-15T02:21:04","slug":"irankiai-sugadintu-nuluzusiu-varztu-issukimui-m5-m16-25-daliu","status":"publish","type":"product","link":"https:\/\/irankiuzona.lt\/ru\/product\/irankiai-sugadintu-nuluzusiu-varztu-issukimui-m5-m16-25-daliu\/","title":{"rendered":"\u012erankiai sugadint\u0173\/nul\u016b\u017eusi\u0173 var\u017et\u0173 i\u0161sukimui M5-M16, 25 dali\u0173"},"content":{"rendered":"<p>5 HSS drills: 3.2, 4.8, 6.4, 8.0, 8.7 mm<br \/>\n10 pilot bushes: 4.0, 4.8, 4.8, 4.8, 6.0, 7.1, 7.1, 7.1, 9.2, 9.5 mm<br \/>\n5 extraction pins: 3.2, 4.8, 6.4, 8.0, 8.7 mm<br \/>\n5 extraction nuts: 10, 11, 13, 14, 17 mm<\/p>","protected":false},"excerpt":{"rendered":"<p>\u012erankiai sugadint\u0173\/nul\u016b\u017eusi\u0173 var\u017et\u0173 i\u0161sukimui M5-M16, 25 dali\u0173<\/p>","protected":false},"featured_media":220098,"comment_status":"open","ping_status":"open","template":"","meta":[],"product_cat":[9557],"product_tag":[9462],"class_list":{"0":"post-220096","1":"product","2":"type-product","3":"status-publish","4":"has-post-thumbnail","6":"product_brand-condor-werkzeug-vokietija","7":"product_cat-nulauztu-varztu-issukimo-irankiai","8":"product_tag-condor-werkzeug-vokietija","10":"first","11":"instock","12":"purchasable","13":"product-type-simple"},"jetpack_sharing_enabled":true,"_links":{"self":[{"href":"https:\/\/irankiuzona.lt\/ru\/wp-json\/wp\/v2\/product\/220096","targetHints":{"allow":["GET"]}}],"collection":[{"href":"https:\/\/irankiuzona.lt\/ru\/wp-json\/wp\/v2\/product"}],"about":[{"href":"https:\/\/irankiuzona.lt\/ru\/wp-json\/wp\/v2\/types\/product"}],"replies":[{"embeddable":true,"href":"https:\/\/irankiuzona.lt\/ru\/wp-json\/wp\/v2\/comments?post=220096"}],"version-history":[{"count":1,"href":"https:\/\/irankiuzona.lt\/ru\/wp-json\/wp\/v2\/product\/220096\/revisions"}],"predecessor-version":[{"id":408897,"href":"https:\/\/irankiuzona.lt\/ru\/wp-json\/wp\/v2\/product\/220096\/revisions\/408897"}],"wp:featuredmedia":[{"embeddable":true,"href":"https:\/\/irankiuzona.lt\/ru\/wp-json\/wp\/v2\/media\/220098"}],"wp:attachment":[{"href":"https:\/\/irankiuzona.lt\/ru\/wp-json\/wp\/v2\/media?parent=220096"}],"wp:term":[{"taxonomy":"product_cat","embeddable":true,"href":"https:\/\/irankiuzona.lt\/ru\/wp-json\/wp\/v2\/product_cat?post=220096"},{"taxonomy":"product_tag","embeddable":true,"href":"https:\/\/irankiuzona.lt\/ru\/wp-json\/wp\/v2\/product_tag?post=220096"}],"curies":[{"name":"wp","href":"https:\/\/api.w.org\/{rel}","templated":true}]}}