{"id":220102,"date":"2024-09-29T00:11:16","date_gmt":"2024-09-29T00:11:16","guid":{"rendered":"https:\/\/irankiuzona.lt\/product\/rinkinys-122-vnt\/"},"modified":"2026-05-14T23:39:35","modified_gmt":"2026-05-14T23:39:35","slug":"rinkinys-122-vnt","status":"publish","type":"product","link":"https:\/\/irankiuzona.lt\/ru\/product\/rinkinys-122-vnt\/","title":{"rendered":"Rinkinys 122 vnt."},"content":{"rendered":"<p>Chrom-Vanadium-Stahl, 122-tlg.<br \/>\nAntriebswerkzeuge:  1 Schraubendreher mit Magnet 1 Magnethalter  2 Adapter  1 Bit-Adapter 1\/4&quot;-Antrieb 1 Hakenschrauber<br \/>\nEins\u00e4tze:  10 Eins\u00e4tze, 6-kant, metrisch 4, 5, 6, 7, 8, 9, 10, 11, 12, 13 mm 10 Eins\u00e4tze, 6-kant, zoll 5\/32, 3\/16, 7\/32, 1\/4, 9\/32, 11\/32, 5\/16, 3\/8, 7\/16, 1\/2&quot;<br \/>\nBits, 1\/4&quot;:  13 T-Profil T5, 6, 7, 8, 9, 10, 15, 20, 25, 27, 30, 40, 45 9 T-Profil mit Stirnlochb. T8, 10, 15, 20, 25, 27, 30, 35, 40 9 F\u00fcnfstern mit Stirnlochb. 10, 15, 20, 25, 27, 30, 40, 45, 50 9 Innensechskant, metrisch 1.5, 2, 2.5, 3, 4, 5, 5.5, 6, 8 mm 6 Innensechskant, metrisch, mit Stirnlochb. 2, 2.5, 3, 4, 5, 6 mm 10 Innensechskant, zoll 1\/16, 5\/64, 3\/32, 7\/64, 1\/8, 9\/64, 5\/32, 3\/16, 7\/32, 1\/4&quot; 3 Vielzahn M5, 6, 8 9 Schlitz 3, 4, 4.5, 5, 5.5, 6, 6.5, 7, 8 mm 5 Kreuz No. 00, 0, 1, 2, 3 5 Pozidriv No. 00, 0, 1, 2, 3 3 Keil 1, 2, 3 4 Vierkant 0, 1, 2, 3 4 Spanner 4, 6, 8, 10 mm 3 Vierfl\u00fcgel 6, 8, 10 4 Dreifl\u00fcgel 1, 2, 3, 4<\/p>","protected":false},"excerpt":{"rendered":"<p>Rinkinys 122 vnt.<\/p>","protected":false},"featured_media":220104,"comment_status":"open","ping_status":"open","template":"","meta":[],"product_cat":[9558],"product_tag":[9462],"class_list":{"0":"post-220102","1":"product","2":"type-product","3":"status-publish","4":"has-post-thumbnail","6":"product_brand-condor-werkzeug-vokietija","7":"product_cat-antgaliuku-rinkiniai-atsuktuvams-bitukai-63mm","8":"product_tag-condor-werkzeug-vokietija","10":"first","11":"instock","12":"purchasable","13":"product-type-simple"},"jetpack_sharing_enabled":true,"_links":{"self":[{"href":"https:\/\/irankiuzona.lt\/ru\/wp-json\/wp\/v2\/product\/220102","targetHints":{"allow":["GET"]}}],"collection":[{"href":"https:\/\/irankiuzona.lt\/ru\/wp-json\/wp\/v2\/product"}],"about":[{"href":"https:\/\/irankiuzona.lt\/ru\/wp-json\/wp\/v2\/types\/product"}],"replies":[{"embeddable":true,"href":"https:\/\/irankiuzona.lt\/ru\/wp-json\/wp\/v2\/comments?post=220102"}],"version-history":[{"count":1,"href":"https:\/\/irankiuzona.lt\/ru\/wp-json\/wp\/v2\/product\/220102\/revisions"}],"predecessor-version":[{"id":408899,"href":"https:\/\/irankiuzona.lt\/ru\/wp-json\/wp\/v2\/product\/220102\/revisions\/408899"}],"wp:featuredmedia":[{"embeddable":true,"href":"https:\/\/irankiuzona.lt\/ru\/wp-json\/wp\/v2\/media\/220104"}],"wp:attachment":[{"href":"https:\/\/irankiuzona.lt\/ru\/wp-json\/wp\/v2\/media?parent=220102"}],"wp:term":[{"taxonomy":"product_cat","embeddable":true,"href":"https:\/\/irankiuzona.lt\/ru\/wp-json\/wp\/v2\/product_cat?post=220102"},{"taxonomy":"product_tag","embeddable":true,"href":"https:\/\/irankiuzona.lt\/ru\/wp-json\/wp\/v2\/product_tag?post=220102"}],"curies":[{"name":"wp","href":"https:\/\/api.w.org\/{rel}","templated":true}]}}