{"id":220152,"date":"2024-09-29T00:11:22","date_gmt":"2024-09-29T00:11:22","guid":{"rendered":"https:\/\/irankiuzona.lt\/product\/priputimo-pistoletas-su-monometru-0-12bar\/"},"modified":"2026-05-16T22:27:36","modified_gmt":"2026-05-16T22:27:36","slug":"priputimo-pistoletas-su-monometru-0-12bar","status":"publish","type":"product","link":"https:\/\/irankiuzona.lt\/ru\/product\/priputimo-pistoletas-su-monometru-0-12bar\/","title":{"rendered":"Prip\u016btimo pistoletas su monometru 0-12bar"},"content":{"rendered":"<p>Aliuminis su lanks\u010dia \u017earna 300 mm ilgio  270\u00b0 kampu  Matavimo diapazonas 0 &#8211; 12 bar \/ 0-170 psi<\/p>","protected":false},"excerpt":{"rendered":"<p>Pistoletas padangoms<\/p>","protected":false},"featured_media":220154,"comment_status":"open","ping_status":"open","template":"","meta":[],"product_cat":[9472],"product_tag":[9462],"class_list":{"0":"post-220152","1":"product","2":"type-product","3":"status-publish","4":"has-post-thumbnail","6":"product_brand-condor-werkzeug-vokietija","7":"product_cat-pistoletai-padangu-putimui","8":"product_tag-condor-werkzeug-vokietija","10":"first","11":"instock","12":"purchasable","13":"product-type-simple"},"jetpack_sharing_enabled":true,"_links":{"self":[{"href":"https:\/\/irankiuzona.lt\/ru\/wp-json\/wp\/v2\/product\/220152","targetHints":{"allow":["GET"]}}],"collection":[{"href":"https:\/\/irankiuzona.lt\/ru\/wp-json\/wp\/v2\/product"}],"about":[{"href":"https:\/\/irankiuzona.lt\/ru\/wp-json\/wp\/v2\/types\/product"}],"replies":[{"embeddable":true,"href":"https:\/\/irankiuzona.lt\/ru\/wp-json\/wp\/v2\/comments?post=220152"}],"version-history":[{"count":1,"href":"https:\/\/irankiuzona.lt\/ru\/wp-json\/wp\/v2\/product\/220152\/revisions"}],"predecessor-version":[{"id":408917,"href":"https:\/\/irankiuzona.lt\/ru\/wp-json\/wp\/v2\/product\/220152\/revisions\/408917"}],"wp:featuredmedia":[{"embeddable":true,"href":"https:\/\/irankiuzona.lt\/ru\/wp-json\/wp\/v2\/media\/220154"}],"wp:attachment":[{"href":"https:\/\/irankiuzona.lt\/ru\/wp-json\/wp\/v2\/media?parent=220152"}],"wp:term":[{"taxonomy":"product_cat","embeddable":true,"href":"https:\/\/irankiuzona.lt\/ru\/wp-json\/wp\/v2\/product_cat?post=220152"},{"taxonomy":"product_tag","embeddable":true,"href":"https:\/\/irankiuzona.lt\/ru\/wp-json\/wp\/v2\/product_tag?post=220152"}],"curies":[{"name":"wp","href":"https:\/\/api.w.org\/{rel}","templated":true}]}}