{"id":220161,"date":"2024-09-29T00:11:22","date_gmt":"2024-09-29T00:11:22","guid":{"rendered":"https:\/\/irankiuzona.lt\/product\/rankine-pompa-skysciams-su-zarna-2m\/"},"modified":"2026-05-13T21:36:44","modified_gmt":"2026-05-13T21:36:44","slug":"rankine-pompa-skysciams-su-zarna-2m","status":"publish","type":"product","link":"https:\/\/irankiuzona.lt\/ru\/product\/rankine-pompa-skysciams-su-zarna-2m\/","title":{"rendered":"Rankin\u0117 pompa skys\u010diams su \u017earna 2m"},"content":{"rendered":"<p>skys\u010diams\u00a0pompuoti.atspari kurui ir alyvai.<\/p>","protected":false},"excerpt":{"rendered":"<p>Rankin\u0117 pompa skys\u010diams su \u017earna 2m<\/p>","protected":false},"featured_media":220163,"comment_status":"open","ping_status":"open","template":"","meta":[],"product_cat":[9571],"product_tag":[9462],"class_list":{"0":"post-220161","1":"product","2":"type-product","3":"status-publish","4":"has-post-thumbnail","6":"product_brand-condor-werkzeug-vokietija","7":"product_cat-pompos-alyvai-degalams-sifonai","8":"product_tag-condor-werkzeug-vokietija","10":"first","11":"instock","12":"purchasable","13":"product-type-simple"},"jetpack_sharing_enabled":true,"_links":{"self":[{"href":"https:\/\/irankiuzona.lt\/ru\/wp-json\/wp\/v2\/product\/220161","targetHints":{"allow":["GET"]}}],"collection":[{"href":"https:\/\/irankiuzona.lt\/ru\/wp-json\/wp\/v2\/product"}],"about":[{"href":"https:\/\/irankiuzona.lt\/ru\/wp-json\/wp\/v2\/types\/product"}],"replies":[{"embeddable":true,"href":"https:\/\/irankiuzona.lt\/ru\/wp-json\/wp\/v2\/comments?post=220161"}],"version-history":[{"count":1,"href":"https:\/\/irankiuzona.lt\/ru\/wp-json\/wp\/v2\/product\/220161\/revisions"}],"predecessor-version":[{"id":408920,"href":"https:\/\/irankiuzona.lt\/ru\/wp-json\/wp\/v2\/product\/220161\/revisions\/408920"}],"wp:featuredmedia":[{"embeddable":true,"href":"https:\/\/irankiuzona.lt\/ru\/wp-json\/wp\/v2\/media\/220163"}],"wp:attachment":[{"href":"https:\/\/irankiuzona.lt\/ru\/wp-json\/wp\/v2\/media?parent=220161"}],"wp:term":[{"taxonomy":"product_cat","embeddable":true,"href":"https:\/\/irankiuzona.lt\/ru\/wp-json\/wp\/v2\/product_cat?post=220161"},{"taxonomy":"product_tag","embeddable":true,"href":"https:\/\/irankiuzona.lt\/ru\/wp-json\/wp\/v2\/product_tag?post=220161"}],"curies":[{"name":"wp","href":"https:\/\/api.w.org\/{rel}","templated":true}]}}