{"id":220248,"date":"2024-09-29T00:11:31","date_gmt":"2024-09-29T00:11:31","guid":{"rendered":"https:\/\/irankiuzona.lt\/product\/kebulininko-plaktuku-komplektas-7\/"},"modified":"2026-05-15T17:48:07","modified_gmt":"2026-05-15T17:48:07","slug":"kebulininko-plaktuku-komplektas-7","status":"publish","type":"product","link":"https:\/\/irankiuzona.lt\/ru\/product\/kebulininko-plaktuku-komplektas-7\/","title":{"rendered":"K\u0117bulininko plaktuk\u0173 komplektas 7*"},"content":{"rendered":"<p>K\u0117bulininko plaktuk\u0173 k-tas 7 dali\u0173  Apra\u0161ymas angl\u0173 kalba:  Straightening set\u00a0 in plastic case <\/p>\n<p>3 different hammers with fibreglass handles and rubber grips<br \/>\n4 forged mallets<\/p>","protected":false},"excerpt":{"rendered":"<p>K\u0117bulininko plaktuk\u0173 komplektas 7*<\/p>","protected":false},"featured_media":220250,"comment_status":"open","ping_status":"open","template":"","meta":[],"product_cat":[9526],"product_tag":[9462],"class_list":{"0":"post-220248","1":"product","2":"type-product","3":"status-publish","4":"has-post-thumbnail","6":"product_brand-condor-werkzeug-vokietija","7":"product_cat-plaktukai-kebulo-lyginimui","8":"product_tag-condor-werkzeug-vokietija","10":"first","11":"instock","12":"purchasable","13":"product-type-simple"},"jetpack_sharing_enabled":true,"_links":{"self":[{"href":"https:\/\/irankiuzona.lt\/ru\/wp-json\/wp\/v2\/product\/220248","targetHints":{"allow":["GET"]}}],"collection":[{"href":"https:\/\/irankiuzona.lt\/ru\/wp-json\/wp\/v2\/product"}],"about":[{"href":"https:\/\/irankiuzona.lt\/ru\/wp-json\/wp\/v2\/types\/product"}],"replies":[{"embeddable":true,"href":"https:\/\/irankiuzona.lt\/ru\/wp-json\/wp\/v2\/comments?post=220248"}],"version-history":[{"count":1,"href":"https:\/\/irankiuzona.lt\/ru\/wp-json\/wp\/v2\/product\/220248\/revisions"}],"predecessor-version":[{"id":408952,"href":"https:\/\/irankiuzona.lt\/ru\/wp-json\/wp\/v2\/product\/220248\/revisions\/408952"}],"wp:featuredmedia":[{"embeddable":true,"href":"https:\/\/irankiuzona.lt\/ru\/wp-json\/wp\/v2\/media\/220250"}],"wp:attachment":[{"href":"https:\/\/irankiuzona.lt\/ru\/wp-json\/wp\/v2\/media?parent=220248"}],"wp:term":[{"taxonomy":"product_cat","embeddable":true,"href":"https:\/\/irankiuzona.lt\/ru\/wp-json\/wp\/v2\/product_cat?post=220248"},{"taxonomy":"product_tag","embeddable":true,"href":"https:\/\/irankiuzona.lt\/ru\/wp-json\/wp\/v2\/product_tag?post=220248"}],"curies":[{"name":"wp","href":"https:\/\/api.w.org\/{rel}","templated":true}]}}