{"id":220261,"date":"2024-09-29T00:11:33","date_gmt":"2024-09-29T00:11:33","guid":{"rendered":"https:\/\/irankiuzona.lt\/product\/l-formos-lenktu-prailgintu-6-kampiu-hex-komplektas-colinis\/"},"modified":"2026-05-16T21:45:38","modified_gmt":"2026-05-16T21:45:38","slug":"l-formos-lenktu-prailgintu-6-kampiu-hex-komplektas-colinis","status":"publish","type":"product","link":"https:\/\/irankiuzona.lt\/ru\/product\/l-formos-lenktu-prailgintu-6-kampiu-hex-komplektas-colinis\/","title":{"rendered":"L-formos lenkt\u0173, prailgint\u0173 6-kampi\u0173 HEX komplektas, colinis"},"content":{"rendered":"<p>Chrom-Vanadium-Stahl Prailginti Colini\u0173 dyd\u017ei\u0173  Komplekte: 1\/16, 5\/64, 3\/32, 1\/8, 5\/32, 3\/16, 1\/4, 5\/16, 3\/8&quot; \u00a0<\/p>","protected":false},"excerpt":{"rendered":"<p>L-formos lenkt\u0173, prailgint\u0173 6-kampi\u0173 HEX komplektas, colinis<\/p>","protected":false},"featured_media":220263,"comment_status":"open","ping_status":"open","template":"","meta":[],"product_cat":[9560],"product_tag":[9462],"class_list":{"0":"post-220261","1":"product","2":"type-product","3":"status-publish","4":"has-post-thumbnail","6":"product_brand-condor-werkzeug-vokietija","7":"product_cat-l-formos-torx-ir-hex-raktu-komplektai","8":"product_tag-condor-werkzeug-vokietija","10":"first","11":"instock","12":"purchasable","13":"product-type-simple"},"jetpack_sharing_enabled":true,"_links":{"self":[{"href":"https:\/\/irankiuzona.lt\/ru\/wp-json\/wp\/v2\/product\/220261","targetHints":{"allow":["GET"]}}],"collection":[{"href":"https:\/\/irankiuzona.lt\/ru\/wp-json\/wp\/v2\/product"}],"about":[{"href":"https:\/\/irankiuzona.lt\/ru\/wp-json\/wp\/v2\/types\/product"}],"replies":[{"embeddable":true,"href":"https:\/\/irankiuzona.lt\/ru\/wp-json\/wp\/v2\/comments?post=220261"}],"version-history":[{"count":1,"href":"https:\/\/irankiuzona.lt\/ru\/wp-json\/wp\/v2\/product\/220261\/revisions"}],"predecessor-version":[{"id":408956,"href":"https:\/\/irankiuzona.lt\/ru\/wp-json\/wp\/v2\/product\/220261\/revisions\/408956"}],"wp:featuredmedia":[{"embeddable":true,"href":"https:\/\/irankiuzona.lt\/ru\/wp-json\/wp\/v2\/media\/220263"}],"wp:attachment":[{"href":"https:\/\/irankiuzona.lt\/ru\/wp-json\/wp\/v2\/media?parent=220261"}],"wp:term":[{"taxonomy":"product_cat","embeddable":true,"href":"https:\/\/irankiuzona.lt\/ru\/wp-json\/wp\/v2\/product_cat?post=220261"},{"taxonomy":"product_tag","embeddable":true,"href":"https:\/\/irankiuzona.lt\/ru\/wp-json\/wp\/v2\/product_tag?post=220261"}],"curies":[{"name":"wp","href":"https:\/\/api.w.org\/{rel}","templated":true}]}}