{"id":220326,"date":"2024-09-29T00:11:39","date_gmt":"2024-09-29T00:11:39","guid":{"rendered":"https:\/\/irankiuzona.lt\/product\/soniniu-raktu-kompl-3-8-10-vnt-10-19mm\/"},"modified":"2026-04-13T14:03:33","modified_gmt":"2026-04-13T14:03:33","slug":"soniniu-raktu-kompl-3-8-10-vnt-10-19mm","status":"publish","type":"product","link":"https:\/\/irankiuzona.lt\/ru\/product\/soniniu-raktu-kompl-3-8-10-vnt-10-19mm\/","title":{"rendered":"\u0161onini\u0173 rakt\u0173 kompl. 3\/8 10 vnt. (10-19mm)"},"content":{"rendered":"<p>3\/8&quot;-Antrieb, 10-tlg. Chrom-Vanadium-Stahl, verchromt auf Steckleiste<br \/>\nspeziell f\u00fcr schwer zug\u00e4ngliche Verschraubungen<br \/>\n10 Hahnenfuss-Schl\u00fcssel  10, 11, 12, 13, 14, 15, 16, 17, 18, 19 mm<\/p>","protected":false},"excerpt":{"rendered":"<p>\u0160onini\u0173 rakt\u0173 kompl. 3\/8 10 vnt. (10-19mm)<\/p>","protected":false},"featured_media":220328,"comment_status":"open","ping_status":"open","template":"","meta":[],"product_cat":[9585],"product_tag":[9462],"class_list":{"0":"post-220326","1":"product","2":"type-product","3":"status-publish","4":"has-post-thumbnail","6":"product_brand-condor-werkzeug-vokietija","7":"product_cat-irankiai-kuro-vamzdeliams","8":"product_tag-condor-werkzeug-vokietija","10":"first","11":"instock","12":"purchasable","13":"product-type-simple"},"jetpack_sharing_enabled":true,"_links":{"self":[{"href":"https:\/\/irankiuzona.lt\/ru\/wp-json\/wp\/v2\/product\/220326","targetHints":{"allow":["GET"]}}],"collection":[{"href":"https:\/\/irankiuzona.lt\/ru\/wp-json\/wp\/v2\/product"}],"about":[{"href":"https:\/\/irankiuzona.lt\/ru\/wp-json\/wp\/v2\/types\/product"}],"replies":[{"embeddable":true,"href":"https:\/\/irankiuzona.lt\/ru\/wp-json\/wp\/v2\/comments?post=220326"}],"version-history":[{"count":1,"href":"https:\/\/irankiuzona.lt\/ru\/wp-json\/wp\/v2\/product\/220326\/revisions"}],"predecessor-version":[{"id":408976,"href":"https:\/\/irankiuzona.lt\/ru\/wp-json\/wp\/v2\/product\/220326\/revisions\/408976"}],"wp:featuredmedia":[{"embeddable":true,"href":"https:\/\/irankiuzona.lt\/ru\/wp-json\/wp\/v2\/media\/220328"}],"wp:attachment":[{"href":"https:\/\/irankiuzona.lt\/ru\/wp-json\/wp\/v2\/media?parent=220326"}],"wp:term":[{"taxonomy":"product_cat","embeddable":true,"href":"https:\/\/irankiuzona.lt\/ru\/wp-json\/wp\/v2\/product_cat?post=220326"},{"taxonomy":"product_tag","embeddable":true,"href":"https:\/\/irankiuzona.lt\/ru\/wp-json\/wp\/v2\/product_tag?post=220326"}],"curies":[{"name":"wp","href":"https:\/\/api.w.org\/{rel}","templated":true}]}}