{"id":220368,"date":"2024-09-29T00:11:43","date_gmt":"2024-09-29T00:11:43","guid":{"rendered":"https:\/\/irankiuzona.lt\/product\/soniniu-raktu-kompl-3-8-8vnt-colinis\/"},"modified":"2026-04-13T17:15:30","modified_gmt":"2026-04-13T17:15:30","slug":"soniniu-raktu-kompl-3-8-8vnt-colinis","status":"publish","type":"product","link":"https:\/\/irankiuzona.lt\/ru\/product\/soniniu-raktu-kompl-3-8-8vnt-colinis\/","title":{"rendered":"\u0161onini\u0173 rakt\u0173 kompl. 3\/8 8vnt. (colinis)"},"content":{"rendered":"<p>Chrom-Vanadium-Stahl, verchromt auf Steckleiste<br \/>\nspeziell f\u00fcr schwer zug\u00e4ngliche Verschraubungen<br \/>\n8 Hahnenfuss-Schl\u00fcssel  3\/8 &#8211; 7\/16 &#8211; 1\/2 &#8211; 9\/16 &#8211; 5\/8 &#8211; 11\/16 &#8211; 3\/4 &#8211; 7\/8&quot;<\/p>","protected":false},"excerpt":{"rendered":"<p>\u0160onini\u0173 rakt\u0173 kompl. 3\/8 8vnt. (colinis)<\/p>","protected":false},"featured_media":220370,"comment_status":"open","ping_status":"open","template":"","meta":[],"product_cat":[9585],"product_tag":[9462],"class_list":{"0":"post-220368","1":"product","2":"type-product","3":"status-publish","4":"has-post-thumbnail","6":"product_brand-condor-werkzeug-vokietija","7":"product_cat-irankiai-kuro-vamzdeliams","8":"product_tag-condor-werkzeug-vokietija","10":"first","11":"instock","12":"purchasable","13":"product-type-simple"},"jetpack_sharing_enabled":true,"_links":{"self":[{"href":"https:\/\/irankiuzona.lt\/ru\/wp-json\/wp\/v2\/product\/220368","targetHints":{"allow":["GET"]}}],"collection":[{"href":"https:\/\/irankiuzona.lt\/ru\/wp-json\/wp\/v2\/product"}],"about":[{"href":"https:\/\/irankiuzona.lt\/ru\/wp-json\/wp\/v2\/types\/product"}],"replies":[{"embeddable":true,"href":"https:\/\/irankiuzona.lt\/ru\/wp-json\/wp\/v2\/comments?post=220368"}],"version-history":[{"count":1,"href":"https:\/\/irankiuzona.lt\/ru\/wp-json\/wp\/v2\/product\/220368\/revisions"}],"predecessor-version":[{"id":408991,"href":"https:\/\/irankiuzona.lt\/ru\/wp-json\/wp\/v2\/product\/220368\/revisions\/408991"}],"wp:featuredmedia":[{"embeddable":true,"href":"https:\/\/irankiuzona.lt\/ru\/wp-json\/wp\/v2\/media\/220370"}],"wp:attachment":[{"href":"https:\/\/irankiuzona.lt\/ru\/wp-json\/wp\/v2\/media?parent=220368"}],"wp:term":[{"taxonomy":"product_cat","embeddable":true,"href":"https:\/\/irankiuzona.lt\/ru\/wp-json\/wp\/v2\/product_cat?post=220368"},{"taxonomy":"product_tag","embeddable":true,"href":"https:\/\/irankiuzona.lt\/ru\/wp-json\/wp\/v2\/product_tag?post=220368"}],"curies":[{"name":"wp","href":"https:\/\/api.w.org\/{rel}","templated":true}]}}