{"id":220499,"date":"2024-09-29T00:11:56","date_gmt":"2024-09-29T00:11:56","guid":{"rendered":"https:\/\/irankiuzona.lt\/product\/apdailos-ardymo-rankenele-260-mm\/"},"modified":"2026-05-16T17:33:11","modified_gmt":"2026-05-16T17:33:11","slug":"apdailos-ardymo-rankenele-260-mm","status":"publish","type":"product","link":"https:\/\/irankiuzona.lt\/ru\/product\/apdailos-ardymo-rankenele-260-mm\/","title":{"rendered":"Apdailos ardymo ranken\u0117l\u0117 260 mm"},"content":{"rendered":"<p>Apra\u0161ymas vokie\u010di\u0173 kalba:  Spezial L\u00f6sewerkzeug f\u00fcr T\u00fcrverkleidungen  Beschreibung:<br \/>\n\u2022Spezial Werkzeug zum einfachen L\u00f6sen von Kunststoffstopfen \/ Befestigungsclipsen an Verkleidungsteilen an Pkw, Lkw, Bussen, Traktoren, Wohnmobilen Anwendungsbereich:<br \/>\n\u2022Zum einfachen L\u00f6sen von T\u00fcrverkleidungen \u2022Verkleidungen im Innenraum \u2022Verkleidungen von Heckklappen \u2022Mit diesem Werkzeug lassen sich die Verkleidungen leicht l\u00f6sen ohne das die Halteclipse besch\u00e4digen werden \u2022Einfach das flache Arbeitsteil unter die Verkleidung schieben und abhebeln \u2022Bei bestimmungsgem\u00e4\u00dfer Anwendung kann der Clip anschlie\u00dfend wiederverwendet werden. Technische Details:<br \/>\n\u2022L\u00e4nge: 26 cm \u2022Gekr\u00f6pfte Ausf\u00fchrung \u2022\u00d6ffnungsweite an der schmalen Stelle 6,4 mm \u2022Dicke an der vordersten Stelle 1,75 mm \u2022Hebel: verchromter Stahl mit rutschfestem Kunststoffgriff \u00a0<\/p>\n<p>Papildoma informacija: 1 pav.<\/p>","protected":false},"excerpt":{"rendered":"<p>Apdailos ardymo ranken\u0117l\u0117 260 mm<\/p>","protected":false},"featured_media":220501,"comment_status":"open","ping_status":"open","template":"","meta":[],"product_cat":[9529],"product_tag":[9462],"class_list":{"0":"post-220499","1":"product","2":"type-product","3":"status-publish","4":"has-post-thumbnail","6":"product_brand-condor-werkzeug-vokietija","7":"product_cat-irankiai-apdailos-ardymui","8":"product_tag-condor-werkzeug-vokietija","10":"first","11":"instock","12":"purchasable","13":"product-type-simple"},"jetpack_sharing_enabled":true,"_links":{"self":[{"href":"https:\/\/irankiuzona.lt\/ru\/wp-json\/wp\/v2\/product\/220499","targetHints":{"allow":["GET"]}}],"collection":[{"href":"https:\/\/irankiuzona.lt\/ru\/wp-json\/wp\/v2\/product"}],"about":[{"href":"https:\/\/irankiuzona.lt\/ru\/wp-json\/wp\/v2\/types\/product"}],"replies":[{"embeddable":true,"href":"https:\/\/irankiuzona.lt\/ru\/wp-json\/wp\/v2\/comments?post=220499"}],"version-history":[{"count":1,"href":"https:\/\/irankiuzona.lt\/ru\/wp-json\/wp\/v2\/product\/220499\/revisions"}],"predecessor-version":[{"id":409039,"href":"https:\/\/irankiuzona.lt\/ru\/wp-json\/wp\/v2\/product\/220499\/revisions\/409039"}],"wp:featuredmedia":[{"embeddable":true,"href":"https:\/\/irankiuzona.lt\/ru\/wp-json\/wp\/v2\/media\/220501"}],"wp:attachment":[{"href":"https:\/\/irankiuzona.lt\/ru\/wp-json\/wp\/v2\/media?parent=220499"}],"wp:term":[{"taxonomy":"product_cat","embeddable":true,"href":"https:\/\/irankiuzona.lt\/ru\/wp-json\/wp\/v2\/product_cat?post=220499"},{"taxonomy":"product_tag","embeddable":true,"href":"https:\/\/irankiuzona.lt\/ru\/wp-json\/wp\/v2\/product_tag?post=220499"}],"curies":[{"name":"wp","href":"https:\/\/api.w.org\/{rel}","templated":true}]}}