{"id":220508,"date":"2024-09-29T00:11:57","date_gmt":"2024-09-29T00:11:57","guid":{"rendered":"https:\/\/irankiuzona.lt\/product\/kaltai-raidziu-ismusimui-3mm-27vnt\/"},"modified":"2026-04-06T19:01:28","modified_gmt":"2026-04-06T19:01:28","slug":"kaltai-raidziu-ismusimui-3mm-27vnt","status":"publish","type":"product","link":"https:\/\/irankiuzona.lt\/ru\/product\/kaltai-raidziu-ismusimui-3mm-27vnt\/","title":{"rendered":"Kaltai raid\u017ei\u0173 i\u0161mu\u0161imui 3mm 27vnt."},"content":{"rendered":"<p>letter style complies with DIN 1451, for hammering on steel and iron<\/p>","protected":false},"excerpt":{"rendered":"<p>Kaltai raid\u017ei\u0173 i\u0161mu\u0161imui 3mm 27vnt.<\/p>","protected":false},"featured_media":220510,"comment_status":"open","ping_status":"open","template":"","meta":[],"product_cat":[9594],"product_tag":[9462],"class_list":{"0":"post-220508","1":"product","2":"type-product","3":"status-publish","4":"has-post-thumbnail","6":"product_brand-condor-werkzeug-vokietija","7":"product_cat-kaltai-raidziu-iskalimui","8":"product_tag-condor-werkzeug-vokietija","10":"first","11":"outofstock","12":"purchasable","13":"product-type-simple"},"jetpack_sharing_enabled":true,"_links":{"self":[{"href":"https:\/\/irankiuzona.lt\/ru\/wp-json\/wp\/v2\/product\/220508","targetHints":{"allow":["GET"]}}],"collection":[{"href":"https:\/\/irankiuzona.lt\/ru\/wp-json\/wp\/v2\/product"}],"about":[{"href":"https:\/\/irankiuzona.lt\/ru\/wp-json\/wp\/v2\/types\/product"}],"replies":[{"embeddable":true,"href":"https:\/\/irankiuzona.lt\/ru\/wp-json\/wp\/v2\/comments?post=220508"}],"version-history":[{"count":0,"href":"https:\/\/irankiuzona.lt\/ru\/wp-json\/wp\/v2\/product\/220508\/revisions"}],"wp:featuredmedia":[{"embeddable":true,"href":"https:\/\/irankiuzona.lt\/ru\/wp-json\/wp\/v2\/media\/220510"}],"wp:attachment":[{"href":"https:\/\/irankiuzona.lt\/ru\/wp-json\/wp\/v2\/media?parent=220508"}],"wp:term":[{"taxonomy":"product_cat","embeddable":true,"href":"https:\/\/irankiuzona.lt\/ru\/wp-json\/wp\/v2\/product_cat?post=220508"},{"taxonomy":"product_tag","embeddable":true,"href":"https:\/\/irankiuzona.lt\/ru\/wp-json\/wp\/v2\/product_tag?post=220508"}],"curies":[{"name":"wp","href":"https:\/\/api.w.org\/{rel}","templated":true}]}}