{"id":220542,"date":"2024-09-29T00:12:00","date_gmt":"2024-09-29T00:12:00","guid":{"rendered":"https:\/\/irankiuzona.lt\/product\/slifavimo-kaladeles-del-prekes-kodu-c5320\/"},"modified":"2026-04-19T13:06:26","modified_gmt":"2026-04-19T13:06:26","slug":"slifavimo-kaladeles-del-prekes-kodu-c5320","status":"publish","type":"product","link":"https:\/\/irankiuzona.lt\/ru\/product\/slifavimo-kaladeles-del-prekes-kodu-c5320\/","title":{"rendered":"\u0160lifavimo kalad\u0117l\u0117s d\u0117l prek\u0117s kodu C5320"},"content":{"rendered":"<p>\u0160lifavimo kalad\u0117l\u0117s d\u0117l prek\u0117s kodu C5320  cilindro skersmuo 18-63 mm 1\/4&quot;<\/p>","protected":false},"excerpt":{"rendered":"<p>\u0160lifavimo kalad\u0117l\u0117s d\u0117l prek\u0117s kodu C5320<\/p>","protected":false},"featured_media":220544,"comment_status":"open","ping_status":"open","template":"","meta":[],"product_cat":[9555],"product_tag":[9462],"class_list":{"0":"post-220542","1":"product","2":"type-product","3":"status-publish","4":"has-post-thumbnail","6":"product_brand-condor-werkzeug-vokietija","7":"product_cat-irankiai-honingavimui-slifavimui","8":"product_tag-condor-werkzeug-vokietija","10":"first","11":"instock","12":"purchasable","13":"product-type-simple"},"jetpack_sharing_enabled":true,"_links":{"self":[{"href":"https:\/\/irankiuzona.lt\/ru\/wp-json\/wp\/v2\/product\/220542","targetHints":{"allow":["GET"]}}],"collection":[{"href":"https:\/\/irankiuzona.lt\/ru\/wp-json\/wp\/v2\/product"}],"about":[{"href":"https:\/\/irankiuzona.lt\/ru\/wp-json\/wp\/v2\/types\/product"}],"replies":[{"embeddable":true,"href":"https:\/\/irankiuzona.lt\/ru\/wp-json\/wp\/v2\/comments?post=220542"}],"version-history":[{"count":1,"href":"https:\/\/irankiuzona.lt\/ru\/wp-json\/wp\/v2\/product\/220542\/revisions"}],"predecessor-version":[{"id":409054,"href":"https:\/\/irankiuzona.lt\/ru\/wp-json\/wp\/v2\/product\/220542\/revisions\/409054"}],"wp:featuredmedia":[{"embeddable":true,"href":"https:\/\/irankiuzona.lt\/ru\/wp-json\/wp\/v2\/media\/220544"}],"wp:attachment":[{"href":"https:\/\/irankiuzona.lt\/ru\/wp-json\/wp\/v2\/media?parent=220542"}],"wp:term":[{"taxonomy":"product_cat","embeddable":true,"href":"https:\/\/irankiuzona.lt\/ru\/wp-json\/wp\/v2\/product_cat?post=220542"},{"taxonomy":"product_tag","embeddable":true,"href":"https:\/\/irankiuzona.lt\/ru\/wp-json\/wp\/v2\/product_tag?post=220542"}],"curies":[{"name":"wp","href":"https:\/\/api.w.org\/{rel}","templated":true}]}}