{"id":220548,"date":"2024-09-29T00:12:02","date_gmt":"2024-09-29T00:12:02","guid":{"rendered":"https:\/\/irankiuzona.lt\/product\/slifavimo-kaladeles-del-prekes-kodu-c5322\/"},"modified":"2026-04-15T13:42:15","modified_gmt":"2026-04-15T13:42:15","slug":"slifavimo-kaladeles-del-prekes-kodu-c5322","status":"publish","type":"product","link":"https:\/\/irankiuzona.lt\/ru\/product\/slifavimo-kaladeles-del-prekes-kodu-c5322\/","title":{"rendered":"\u0160lifavimo kalad\u0117l\u0117s d\u0117l prek\u0117s kodu C5322"},"content":{"rendered":"<p>\u0160lifavimo kalad\u0117l\u0117s d\u0117l prek\u0117s kodu C5322<\/p>","protected":false},"excerpt":{"rendered":"<p>\u0160lifavimo kalad\u0117l\u0117s d\u0117l prek\u0117s kodu C5322<\/p>","protected":false},"featured_media":220550,"comment_status":"open","ping_status":"open","template":"","meta":[],"product_cat":[9555],"product_tag":[9462],"class_list":{"0":"post-220548","1":"product","2":"type-product","3":"status-publish","4":"has-post-thumbnail","6":"product_brand-condor-werkzeug-vokietija","7":"product_cat-irankiai-honingavimui-slifavimui","8":"product_tag-condor-werkzeug-vokietija","10":"first","11":"instock","12":"purchasable","13":"product-type-simple"},"jetpack_sharing_enabled":true,"_links":{"self":[{"href":"https:\/\/irankiuzona.lt\/ru\/wp-json\/wp\/v2\/product\/220548","targetHints":{"allow":["GET"]}}],"collection":[{"href":"https:\/\/irankiuzona.lt\/ru\/wp-json\/wp\/v2\/product"}],"about":[{"href":"https:\/\/irankiuzona.lt\/ru\/wp-json\/wp\/v2\/types\/product"}],"replies":[{"embeddable":true,"href":"https:\/\/irankiuzona.lt\/ru\/wp-json\/wp\/v2\/comments?post=220548"}],"version-history":[{"count":1,"href":"https:\/\/irankiuzona.lt\/ru\/wp-json\/wp\/v2\/product\/220548\/revisions"}],"predecessor-version":[{"id":409056,"href":"https:\/\/irankiuzona.lt\/ru\/wp-json\/wp\/v2\/product\/220548\/revisions\/409056"}],"wp:featuredmedia":[{"embeddable":true,"href":"https:\/\/irankiuzona.lt\/ru\/wp-json\/wp\/v2\/media\/220550"}],"wp:attachment":[{"href":"https:\/\/irankiuzona.lt\/ru\/wp-json\/wp\/v2\/media?parent=220548"}],"wp:term":[{"taxonomy":"product_cat","embeddable":true,"href":"https:\/\/irankiuzona.lt\/ru\/wp-json\/wp\/v2\/product_cat?post=220548"},{"taxonomy":"product_tag","embeddable":true,"href":"https:\/\/irankiuzona.lt\/ru\/wp-json\/wp\/v2\/product_tag?post=220548"}],"curies":[{"name":"wp","href":"https:\/\/api.w.org\/{rel}","templated":true}]}}