{"id":220608,"date":"2024-09-29T00:20:10","date_gmt":"2024-09-29T00:20:10","guid":{"rendered":"https:\/\/irankiuzona.lt\/product\/slankmatis-stabdziu-disku-storiui-matuoti\/"},"modified":"2026-05-13T23:24:57","modified_gmt":"2026-05-13T23:24:57","slug":"slankmatis-stabdziu-disku-storiui-matuoti","status":"publish","type":"product","link":"https:\/\/irankiuzona.lt\/ru\/product\/slankmatis-stabdziu-disku-storiui-matuoti\/","title":{"rendered":"Slankmatis stabd\u017ei\u0173 disk\u0173 storiui matuoti"},"content":{"rendered":"<p>Brake Disc Caliper, 60 mm<br \/>\nfor measuring wear on brake discswith locking screw<br \/>\nMeasuring Range 60 mmNonius 1\/10 mmLength 160 mm<\/p>","protected":false},"excerpt":{"rendered":"<p>Slankmatis prailgintas\u00a0 0-60mm<\/p>","protected":false},"featured_media":220610,"comment_status":"open","ping_status":"open","template":"","meta":[],"product_cat":[9534],"product_tag":[9462],"class_list":{"0":"post-220608","1":"product","2":"type-product","3":"status-publish","4":"has-post-thumbnail","6":"product_brand-condor-werkzeug-vokietija","7":"product_cat-stabdziu-remonto-nuorinimo-irankiai","8":"product_tag-condor-werkzeug-vokietija","10":"first","11":"instock","12":"purchasable","13":"product-type-simple"},"jetpack_sharing_enabled":true,"_links":{"self":[{"href":"https:\/\/irankiuzona.lt\/ru\/wp-json\/wp\/v2\/product\/220608","targetHints":{"allow":["GET"]}}],"collection":[{"href":"https:\/\/irankiuzona.lt\/ru\/wp-json\/wp\/v2\/product"}],"about":[{"href":"https:\/\/irankiuzona.lt\/ru\/wp-json\/wp\/v2\/types\/product"}],"replies":[{"embeddable":true,"href":"https:\/\/irankiuzona.lt\/ru\/wp-json\/wp\/v2\/comments?post=220608"}],"version-history":[{"count":1,"href":"https:\/\/irankiuzona.lt\/ru\/wp-json\/wp\/v2\/product\/220608\/revisions"}],"predecessor-version":[{"id":409077,"href":"https:\/\/irankiuzona.lt\/ru\/wp-json\/wp\/v2\/product\/220608\/revisions\/409077"}],"wp:featuredmedia":[{"embeddable":true,"href":"https:\/\/irankiuzona.lt\/ru\/wp-json\/wp\/v2\/media\/220610"}],"wp:attachment":[{"href":"https:\/\/irankiuzona.lt\/ru\/wp-json\/wp\/v2\/media?parent=220608"}],"wp:term":[{"taxonomy":"product_cat","embeddable":true,"href":"https:\/\/irankiuzona.lt\/ru\/wp-json\/wp\/v2\/product_cat?post=220608"},{"taxonomy":"product_tag","embeddable":true,"href":"https:\/\/irankiuzona.lt\/ru\/wp-json\/wp\/v2\/product_tag?post=220608"}],"curies":[{"name":"wp","href":"https:\/\/api.w.org\/{rel}","templated":true}]}}