{"id":220707,"date":"2024-09-29T00:20:21","date_gmt":"2024-09-29T00:20:21","guid":{"rendered":"https:\/\/irankiuzona.lt\/product\/vairo-traukiu-nuemimo-komplektas-5-daliu\/"},"modified":"2026-05-16T20:57:55","modified_gmt":"2026-05-16T20:57:55","slug":"vairo-traukiu-nuemimo-komplektas-5-daliu","status":"publish","type":"product","link":"https:\/\/irankiuzona.lt\/ru\/product\/vairo-traukiu-nuemimo-komplektas-5-daliu\/","title":{"rendered":"Vairo trauki\u0173 nu\u0117mimo komplektas 5 dali\u0173"},"content":{"rendered":"<p>17,4 mm 23,8 mm 28,5 mm; ilgis 200 mm Adapterio ilgis 175 mm; \u00f810 mm<br \/>\n Apra\u0161ymas vokie\u010di\u0173 kalba:  Gabel\u00f6ffnungen ca. 17,4mm &#8211; 23,8mm &#8211; 28,5mm<br \/>\nAus geschmiedeten Werkzeugstahl, 2 Griffe auswechselbar1 f\u00fcr Handbetrieb,1 f\u00fcr Drucklufthammerbetrieb\/Adapter, in Kunststoff-Kasette  \u00a0<\/p>","protected":false},"excerpt":{"rendered":"<p>Vairo trauki\u0173 nu\u0117mimo komplektas 5 dali\u0173<\/p>","protected":false},"featured_media":220709,"comment_status":"open","ping_status":"open","template":"","meta":[],"product_cat":[9528],"product_tag":[9462],"class_list":{"0":"post-220707","1":"product","2":"type-product","3":"status-publish","4":"has-post-thumbnail","6":"product_brand-condor-werkzeug-vokietija","7":"product_cat-vairo-traukiu-irankiai","8":"product_tag-condor-werkzeug-vokietija","10":"first","11":"instock","12":"purchasable","13":"product-type-simple"},"jetpack_sharing_enabled":true,"_links":{"self":[{"href":"https:\/\/irankiuzona.lt\/ru\/wp-json\/wp\/v2\/product\/220707","targetHints":{"allow":["GET"]}}],"collection":[{"href":"https:\/\/irankiuzona.lt\/ru\/wp-json\/wp\/v2\/product"}],"about":[{"href":"https:\/\/irankiuzona.lt\/ru\/wp-json\/wp\/v2\/types\/product"}],"replies":[{"embeddable":true,"href":"https:\/\/irankiuzona.lt\/ru\/wp-json\/wp\/v2\/comments?post=220707"}],"version-history":[{"count":1,"href":"https:\/\/irankiuzona.lt\/ru\/wp-json\/wp\/v2\/product\/220707\/revisions"}],"predecessor-version":[{"id":409110,"href":"https:\/\/irankiuzona.lt\/ru\/wp-json\/wp\/v2\/product\/220707\/revisions\/409110"}],"wp:featuredmedia":[{"embeddable":true,"href":"https:\/\/irankiuzona.lt\/ru\/wp-json\/wp\/v2\/media\/220709"}],"wp:attachment":[{"href":"https:\/\/irankiuzona.lt\/ru\/wp-json\/wp\/v2\/media?parent=220707"}],"wp:term":[{"taxonomy":"product_cat","embeddable":true,"href":"https:\/\/irankiuzona.lt\/ru\/wp-json\/wp\/v2\/product_cat?post=220707"},{"taxonomy":"product_tag","embeddable":true,"href":"https:\/\/irankiuzona.lt\/ru\/wp-json\/wp\/v2\/product_tag?post=220707"}],"curies":[{"name":"wp","href":"https:\/\/api.w.org\/{rel}","templated":true}]}}