{"id":220737,"date":"2024-09-29T00:20:24","date_gmt":"2024-09-29T00:20:24","guid":{"rendered":"https:\/\/irankiuzona.lt\/product\/galvute-zvakems-3-8-18mm-6-kampe\/"},"modified":"2026-05-16T17:33:22","modified_gmt":"2026-05-16T17:33:22","slug":"galvute-zvakems-3-8-18mm-6-kampe","status":"publish","type":"product","link":"https:\/\/irankiuzona.lt\/ru\/product\/galvute-zvakems-3-8-18mm-6-kampe\/","title":{"rendered":"Galvut\u0117 \u017evak\u0117ms 3\/8&quot; 18mm. 6-kamp\u0117"},"content":{"rendered":"<p>Galvut\u0117 \u017evak\u0117ms 3\/8&quot; 18mm. 6-kamp\u0117<\/p>","protected":false},"excerpt":{"rendered":"<p>Galvut\u0117 \u017evak\u0117ms 3\/8&quot; 18mm. 6-kamp\u0117<\/p>","protected":false},"featured_media":220739,"comment_status":"open","ping_status":"open","template":"","meta":[],"product_cat":[9619],"product_tag":[9462],"class_list":{"0":"post-220737","1":"product","2":"type-product","3":"status-publish","4":"has-post-thumbnail","6":"product_brand-condor-werkzeug-vokietija","7":"product_cat-galvutes-zvakems","8":"product_tag-condor-werkzeug-vokietija","10":"first","11":"instock","12":"purchasable","13":"product-type-simple"},"jetpack_sharing_enabled":true,"_links":{"self":[{"href":"https:\/\/irankiuzona.lt\/ru\/wp-json\/wp\/v2\/product\/220737","targetHints":{"allow":["GET"]}}],"collection":[{"href":"https:\/\/irankiuzona.lt\/ru\/wp-json\/wp\/v2\/product"}],"about":[{"href":"https:\/\/irankiuzona.lt\/ru\/wp-json\/wp\/v2\/types\/product"}],"replies":[{"embeddable":true,"href":"https:\/\/irankiuzona.lt\/ru\/wp-json\/wp\/v2\/comments?post=220737"}],"version-history":[{"count":1,"href":"https:\/\/irankiuzona.lt\/ru\/wp-json\/wp\/v2\/product\/220737\/revisions"}],"predecessor-version":[{"id":409120,"href":"https:\/\/irankiuzona.lt\/ru\/wp-json\/wp\/v2\/product\/220737\/revisions\/409120"}],"wp:featuredmedia":[{"embeddable":true,"href":"https:\/\/irankiuzona.lt\/ru\/wp-json\/wp\/v2\/media\/220739"}],"wp:attachment":[{"href":"https:\/\/irankiuzona.lt\/ru\/wp-json\/wp\/v2\/media?parent=220737"}],"wp:term":[{"taxonomy":"product_cat","embeddable":true,"href":"https:\/\/irankiuzona.lt\/ru\/wp-json\/wp\/v2\/product_cat?post=220737"},{"taxonomy":"product_tag","embeddable":true,"href":"https:\/\/irankiuzona.lt\/ru\/wp-json\/wp\/v2\/product_tag?post=220737"}],"curies":[{"name":"wp","href":"https:\/\/api.w.org\/{rel}","templated":true}]}}