{"id":220749,"date":"2024-09-29T00:20:26","date_gmt":"2024-09-29T00:20:26","guid":{"rendered":"https:\/\/irankiuzona.lt\/product\/antgalis-1-2-h855mm-hex-8\/"},"modified":"2026-05-16T22:27:55","modified_gmt":"2026-05-16T22:27:55","slug":"antgalis-1-2-h855mm-hex-8","status":"publish","type":"product","link":"https:\/\/irankiuzona.lt\/ru\/product\/antgalis-1-2-h855mm-hex-8\/","title":{"rendered":"Antgalis 1\/2 H8*55mm \/ HEX-8"},"content":{"rendered":"<p>Dydis &#8211; 8mm (\u0161e\u0161iakampis)Lizdas &#8211; 1\/2Ilgis &#8211; 55mmSocket Bit, 1\/2&quot;, hexagon 8&#215;55 mm<\/p>","protected":false},"excerpt":{"rendered":"<p>\u0160e\u0161iakampis H8 antgalis \u012fpresuotas \u012f 1\/2 galvut\u0119 \/ HEX8 \/ 55mm ilgio<\/p>","protected":false},"featured_media":220751,"comment_status":"open","ping_status":"open","template":"","meta":[],"product_cat":[9620],"product_tag":[9462],"class_list":{"0":"post-220749","1":"product","2":"type-product","3":"status-publish","4":"has-post-thumbnail","6":"product_brand-condor-werkzeug-vokietija","7":"product_cat-1-2-ipresuoti-hex-antgaliai","8":"product_tag-condor-werkzeug-vokietija","10":"first","11":"instock","12":"purchasable","13":"product-type-simple"},"jetpack_sharing_enabled":true,"_links":{"self":[{"href":"https:\/\/irankiuzona.lt\/ru\/wp-json\/wp\/v2\/product\/220749","targetHints":{"allow":["GET"]}}],"collection":[{"href":"https:\/\/irankiuzona.lt\/ru\/wp-json\/wp\/v2\/product"}],"about":[{"href":"https:\/\/irankiuzona.lt\/ru\/wp-json\/wp\/v2\/types\/product"}],"replies":[{"embeddable":true,"href":"https:\/\/irankiuzona.lt\/ru\/wp-json\/wp\/v2\/comments?post=220749"}],"version-history":[{"count":1,"href":"https:\/\/irankiuzona.lt\/ru\/wp-json\/wp\/v2\/product\/220749\/revisions"}],"predecessor-version":[{"id":409124,"href":"https:\/\/irankiuzona.lt\/ru\/wp-json\/wp\/v2\/product\/220749\/revisions\/409124"}],"wp:featuredmedia":[{"embeddable":true,"href":"https:\/\/irankiuzona.lt\/ru\/wp-json\/wp\/v2\/media\/220751"}],"wp:attachment":[{"href":"https:\/\/irankiuzona.lt\/ru\/wp-json\/wp\/v2\/media?parent=220749"}],"wp:term":[{"taxonomy":"product_cat","embeddable":true,"href":"https:\/\/irankiuzona.lt\/ru\/wp-json\/wp\/v2\/product_cat?post=220749"},{"taxonomy":"product_tag","embeddable":true,"href":"https:\/\/irankiuzona.lt\/ru\/wp-json\/wp\/v2\/product_tag?post=220749"}],"curies":[{"name":"wp","href":"https:\/\/api.w.org\/{rel}","templated":true}]}}