{"id":220958,"date":"2024-09-29T00:20:47","date_gmt":"2024-09-29T00:20:47","guid":{"rendered":"https:\/\/irankiuzona.lt\/product\/frezos-medziui-4-vnt\/"},"modified":"2026-04-06T19:03:26","modified_gmt":"2026-04-06T19:03:26","slug":"frezos-medziui-4-vnt","status":"publish","type":"product","link":"https:\/\/irankiuzona.lt\/ru\/product\/frezos-medziui-4-vnt\/","title":{"rendered":"Frezos med\u017eiui 4 vnt."},"content":{"rendered":"<p>(8-10-12-15) \u00a0 \u00a0 Vidin\u0117m ir i\u0161orin\u0117m skyl\u0117m<\/p>","protected":false},"excerpt":{"rendered":"<p>Med\u017eio frezos 4 vnt.\u00a0<\/p>","protected":false},"featured_media":220960,"comment_status":"open","ping_status":"open","template":"","meta":[],"product_cat":[9626],"product_tag":[9478],"class_list":{"0":"post-220958","1":"product","2":"type-product","3":"status-publish","4":"has-post-thumbnail","6":"product_brand-leman-prancuzija","7":"product_cat-medzio-frezu-komplektai","8":"product_tag-leman-prancuzija","10":"first","11":"outofstock","12":"purchasable","13":"product-type-simple"},"jetpack_sharing_enabled":true,"_links":{"self":[{"href":"https:\/\/irankiuzona.lt\/ru\/wp-json\/wp\/v2\/product\/220958","targetHints":{"allow":["GET"]}}],"collection":[{"href":"https:\/\/irankiuzona.lt\/ru\/wp-json\/wp\/v2\/product"}],"about":[{"href":"https:\/\/irankiuzona.lt\/ru\/wp-json\/wp\/v2\/types\/product"}],"replies":[{"embeddable":true,"href":"https:\/\/irankiuzona.lt\/ru\/wp-json\/wp\/v2\/comments?post=220958"}],"version-history":[{"count":0,"href":"https:\/\/irankiuzona.lt\/ru\/wp-json\/wp\/v2\/product\/220958\/revisions"}],"wp:featuredmedia":[{"embeddable":true,"href":"https:\/\/irankiuzona.lt\/ru\/wp-json\/wp\/v2\/media\/220960"}],"wp:attachment":[{"href":"https:\/\/irankiuzona.lt\/ru\/wp-json\/wp\/v2\/media?parent=220958"}],"wp:term":[{"taxonomy":"product_cat","embeddable":true,"href":"https:\/\/irankiuzona.lt\/ru\/wp-json\/wp\/v2\/product_cat?post=220958"},{"taxonomy":"product_tag","embeddable":true,"href":"https:\/\/irankiuzona.lt\/ru\/wp-json\/wp\/v2\/product_tag?post=220958"}],"curies":[{"name":"wp","href":"https:\/\/api.w.org\/{rel}","templated":true}]}}