{"id":221019,"date":"2024-09-29T00:20:53","date_gmt":"2024-09-29T00:20:53","guid":{"rendered":"https:\/\/irankiuzona.lt\/product\/nuemejas-pusmenulio-formos-75-115-mm\/"},"modified":"2026-04-13T07:48:54","modified_gmt":"2026-04-13T07:48:54","slug":"nuemejas-pusmenulio-formos-75-115-mm","status":"publish","type":"product","link":"https:\/\/irankiuzona.lt\/ru\/product\/nuemejas-pusmenulio-formos-75-115-mm\/","title":{"rendered":"Nu\u0117m\u0117jas pusm\u0117nulio formos 75-115 mm"},"content":{"rendered":"<p>Guoli\u0173 nu\u0117mimo \u012frankis 75-115 mm\u00a0\u00a0\u00a0<\/p>\n<p>for gear wheels and firmly seated components, forged and hardened<\/p>","protected":false},"excerpt":{"rendered":"<p>Guolio nu\u0117m\u0117jas, atskyr\u0117jas (pusm\u0117nulis) 75-115 mm<\/p>","protected":false},"featured_media":221021,"comment_status":"open","ping_status":"open","template":"","meta":[],"product_cat":[9536],"product_tag":[9462],"class_list":{"0":"post-221019","1":"product","2":"type-product","3":"status-publish","4":"has-post-thumbnail","6":"product_brand-condor-werkzeug-vokietija","7":"product_cat-lygiagretus-nuemejai-atskyrejai-pusmenuliai","8":"product_tag-condor-werkzeug-vokietija","10":"first","11":"instock","12":"purchasable","13":"product-type-simple"},"jetpack_sharing_enabled":true,"_links":{"self":[{"href":"https:\/\/irankiuzona.lt\/ru\/wp-json\/wp\/v2\/product\/221019","targetHints":{"allow":["GET"]}}],"collection":[{"href":"https:\/\/irankiuzona.lt\/ru\/wp-json\/wp\/v2\/product"}],"about":[{"href":"https:\/\/irankiuzona.lt\/ru\/wp-json\/wp\/v2\/types\/product"}],"replies":[{"embeddable":true,"href":"https:\/\/irankiuzona.lt\/ru\/wp-json\/wp\/v2\/comments?post=221019"}],"version-history":[{"count":1,"href":"https:\/\/irankiuzona.lt\/ru\/wp-json\/wp\/v2\/product\/221019\/revisions"}],"predecessor-version":[{"id":409221,"href":"https:\/\/irankiuzona.lt\/ru\/wp-json\/wp\/v2\/product\/221019\/revisions\/409221"}],"wp:featuredmedia":[{"embeddable":true,"href":"https:\/\/irankiuzona.lt\/ru\/wp-json\/wp\/v2\/media\/221021"}],"wp:attachment":[{"href":"https:\/\/irankiuzona.lt\/ru\/wp-json\/wp\/v2\/media?parent=221019"}],"wp:term":[{"taxonomy":"product_cat","embeddable":true,"href":"https:\/\/irankiuzona.lt\/ru\/wp-json\/wp\/v2\/product_cat?post=221019"},{"taxonomy":"product_tag","embeddable":true,"href":"https:\/\/irankiuzona.lt\/ru\/wp-json\/wp\/v2\/product_tag?post=221019"}],"curies":[{"name":"wp","href":"https:\/\/api.w.org\/{rel}","templated":true}]}}