{"id":221339,"date":"2024-09-29T00:30:28","date_gmt":"2024-09-29T00:30:28","guid":{"rendered":"https:\/\/irankiuzona.lt\/product\/padas-slifavimo-pj-ir-125mm\/"},"modified":"2026-04-11T10:21:30","modified_gmt":"2026-04-11T10:21:30","slug":"padas-slifavimo-pj-ir-125mm","status":"publish","type":"product","link":"https:\/\/irankiuzona.lt\/ru\/product\/padas-slifavimo-pj-ir-125mm\/","title":{"rendered":"Padas \u0161lifavimo pj. \u012fr. 125mm"},"content":{"rendered":"<p>Padas \u0161lifavimo pj. \u012fr. 125mm\u00a0<\/p>","protected":false},"excerpt":{"rendered":"<p>Padas \u0161lifavimo pj. \u012fr. 125mm\u00a0<\/p>","protected":false},"featured_media":221341,"comment_status":"open","ping_status":"open","template":"","meta":[],"product_cat":[9474],"product_tag":[9628],"class_list":{"0":"post-221339","1":"product","2":"type-product","3":"status-publish","4":"has-post-thumbnail","6":"product_brand-condor-lenkija","7":"product_cat-slifavimo-padai","8":"product_tag-condor-lenkija","10":"first","11":"outofstock","12":"purchasable","13":"product-type-simple"},"jetpack_sharing_enabled":true,"_links":{"self":[{"href":"https:\/\/irankiuzona.lt\/ru\/wp-json\/wp\/v2\/product\/221339","targetHints":{"allow":["GET"]}}],"collection":[{"href":"https:\/\/irankiuzona.lt\/ru\/wp-json\/wp\/v2\/product"}],"about":[{"href":"https:\/\/irankiuzona.lt\/ru\/wp-json\/wp\/v2\/types\/product"}],"replies":[{"embeddable":true,"href":"https:\/\/irankiuzona.lt\/ru\/wp-json\/wp\/v2\/comments?post=221339"}],"version-history":[{"count":1,"href":"https:\/\/irankiuzona.lt\/ru\/wp-json\/wp\/v2\/product\/221339\/revisions"}],"predecessor-version":[{"id":409329,"href":"https:\/\/irankiuzona.lt\/ru\/wp-json\/wp\/v2\/product\/221339\/revisions\/409329"}],"wp:featuredmedia":[{"embeddable":true,"href":"https:\/\/irankiuzona.lt\/ru\/wp-json\/wp\/v2\/media\/221341"}],"wp:attachment":[{"href":"https:\/\/irankiuzona.lt\/ru\/wp-json\/wp\/v2\/media?parent=221339"}],"wp:term":[{"taxonomy":"product_cat","embeddable":true,"href":"https:\/\/irankiuzona.lt\/ru\/wp-json\/wp\/v2\/product_cat?post=221339"},{"taxonomy":"product_tag","embeddable":true,"href":"https:\/\/irankiuzona.lt\/ru\/wp-json\/wp\/v2\/product_tag?post=221339"}],"curies":[{"name":"wp","href":"https:\/\/api.w.org\/{rel}","templated":true}]}}