{"id":221446,"date":"2024-09-29T00:30:38","date_gmt":"2024-09-29T00:30:38","guid":{"rendered":"https:\/\/irankiuzona.lt\/product\/lynine-gerve-2t\/"},"modified":"2026-04-11T18:27:40","modified_gmt":"2026-04-11T18:27:40","slug":"lynine-gerve-2t","status":"publish","type":"product","link":"https:\/\/irankiuzona.lt\/ru\/product\/lynine-gerve-2t\/","title":{"rendered":"Lynin\u0117 gerv\u0117 2T"},"content":{"rendered":"","protected":false},"excerpt":{"rendered":"<p>Lynin\u0117 gerv\u0117 2T<\/p>","protected":false},"featured_media":221448,"comment_status":"open","ping_status":"open","template":"","meta":[],"product_cat":[9652],"product_tag":[9628],"class_list":{"0":"post-221446","1":"product","2":"type-product","3":"status-publish","4":"has-post-thumbnail","6":"product_brand-condor-lenkija","7":"product_cat-grandinines-lynines-gerves-juostines-traukes","8":"product_tag-condor-lenkija","10":"first","11":"instock","12":"purchasable","13":"product-type-simple"},"jetpack_sharing_enabled":true,"_links":{"self":[{"href":"https:\/\/irankiuzona.lt\/ru\/wp-json\/wp\/v2\/product\/221446","targetHints":{"allow":["GET"]}}],"collection":[{"href":"https:\/\/irankiuzona.lt\/ru\/wp-json\/wp\/v2\/product"}],"about":[{"href":"https:\/\/irankiuzona.lt\/ru\/wp-json\/wp\/v2\/types\/product"}],"replies":[{"embeddable":true,"href":"https:\/\/irankiuzona.lt\/ru\/wp-json\/wp\/v2\/comments?post=221446"}],"version-history":[{"count":1,"href":"https:\/\/irankiuzona.lt\/ru\/wp-json\/wp\/v2\/product\/221446\/revisions"}],"predecessor-version":[{"id":409364,"href":"https:\/\/irankiuzona.lt\/ru\/wp-json\/wp\/v2\/product\/221446\/revisions\/409364"}],"wp:featuredmedia":[{"embeddable":true,"href":"https:\/\/irankiuzona.lt\/ru\/wp-json\/wp\/v2\/media\/221448"}],"wp:attachment":[{"href":"https:\/\/irankiuzona.lt\/ru\/wp-json\/wp\/v2\/media?parent=221446"}],"wp:term":[{"taxonomy":"product_cat","embeddable":true,"href":"https:\/\/irankiuzona.lt\/ru\/wp-json\/wp\/v2\/product_cat?post=221446"},{"taxonomy":"product_tag","embeddable":true,"href":"https:\/\/irankiuzona.lt\/ru\/wp-json\/wp\/v2\/product_tag?post=221446"}],"curies":[{"name":"wp","href":"https:\/\/api.w.org\/{rel}","templated":true}]}}