{"id":221645,"date":"2024-09-29T00:30:58","date_gmt":"2024-09-29T00:30:58","guid":{"rendered":"https:\/\/irankiuzona.lt\/product\/graztas-betonui-o-9-mm\/"},"modified":"2026-04-14T07:01:01","modified_gmt":"2026-04-14T07:01:01","slug":"graztas-betonui-o-9-mm","status":"publish","type":"product","link":"https:\/\/irankiuzona.lt\/ru\/product\/graztas-betonui-o-9-mm\/","title":{"rendered":"Gr\u0105\u017etas betonui \u00d8 9 mm"},"content":{"rendered":"<p>Diametras: 9 mm Bendras ilgis: 120 mm Tvirtinimas: apvalus, tinka paprastam gr\u0119\u017etuvui<\/p>","protected":false},"excerpt":{"rendered":"<p>Gr\u0105\u017etas betonui \u00d8 9mm \/ ilgis 120 mm<\/p>","protected":false},"featured_media":221647,"comment_status":"open","ping_status":"open","template":"","meta":[],"product_cat":[9638],"product_tag":[9628],"class_list":{"0":"post-221645","1":"product","2":"type-product","3":"status-publish","4":"has-post-thumbnail","6":"product_brand-condor-lenkija","7":"product_cat-graztai-betonui-cilindriniu-tvirtinimu","8":"product_tag-condor-lenkija","10":"first","11":"instock","12":"purchasable","13":"product-type-simple"},"jetpack_sharing_enabled":true,"_links":{"self":[{"href":"https:\/\/irankiuzona.lt\/ru\/wp-json\/wp\/v2\/product\/221645","targetHints":{"allow":["GET"]}}],"collection":[{"href":"https:\/\/irankiuzona.lt\/ru\/wp-json\/wp\/v2\/product"}],"about":[{"href":"https:\/\/irankiuzona.lt\/ru\/wp-json\/wp\/v2\/types\/product"}],"replies":[{"embeddable":true,"href":"https:\/\/irankiuzona.lt\/ru\/wp-json\/wp\/v2\/comments?post=221645"}],"version-history":[{"count":1,"href":"https:\/\/irankiuzona.lt\/ru\/wp-json\/wp\/v2\/product\/221645\/revisions"}],"predecessor-version":[{"id":409430,"href":"https:\/\/irankiuzona.lt\/ru\/wp-json\/wp\/v2\/product\/221645\/revisions\/409430"}],"wp:featuredmedia":[{"embeddable":true,"href":"https:\/\/irankiuzona.lt\/ru\/wp-json\/wp\/v2\/media\/221647"}],"wp:attachment":[{"href":"https:\/\/irankiuzona.lt\/ru\/wp-json\/wp\/v2\/media?parent=221645"}],"wp:term":[{"taxonomy":"product_cat","embeddable":true,"href":"https:\/\/irankiuzona.lt\/ru\/wp-json\/wp\/v2\/product_cat?post=221645"},{"taxonomy":"product_tag","embeddable":true,"href":"https:\/\/irankiuzona.lt\/ru\/wp-json\/wp\/v2\/product_tag?post=221645"}],"curies":[{"name":"wp","href":"https:\/\/api.w.org\/{rel}","templated":true}]}}