{"id":221675,"date":"2024-09-29T00:31:00","date_gmt":"2024-09-29T00:31:00","guid":{"rendered":"https:\/\/irankiuzona.lt\/product\/graztas-betonui-o-16-mm300mm\/"},"modified":"2026-04-14T07:01:04","modified_gmt":"2026-04-14T07:01:04","slug":"graztas-betonui-o-16-mm300mm","status":"publish","type":"product","link":"https:\/\/irankiuzona.lt\/ru\/product\/graztas-betonui-o-16-mm300mm\/","title":{"rendered":"Gr\u0105\u017etas betonui \u00d8 16 mm*300mm"},"content":{"rendered":"<p>Diametras: 16 mm Bendras ilgis: 300 mm Tvirtinimas: apvalus, tinka paprastam gr\u0119\u017etuvui<\/p>","protected":false},"excerpt":{"rendered":"<p>Gr\u0105\u017etas betonui \u00d8 16mm \/ ilgis 300 mm<\/p>","protected":false},"featured_media":221677,"comment_status":"open","ping_status":"open","template":"","meta":[],"product_cat":[9638],"product_tag":[9628],"class_list":{"0":"post-221675","1":"product","2":"type-product","3":"status-publish","4":"has-post-thumbnail","6":"product_brand-condor-lenkija","7":"product_cat-graztai-betonui-cilindriniu-tvirtinimu","8":"product_tag-condor-lenkija","10":"first","11":"instock","12":"purchasable","13":"product-type-simple"},"jetpack_sharing_enabled":true,"_links":{"self":[{"href":"https:\/\/irankiuzona.lt\/ru\/wp-json\/wp\/v2\/product\/221675","targetHints":{"allow":["GET"]}}],"collection":[{"href":"https:\/\/irankiuzona.lt\/ru\/wp-json\/wp\/v2\/product"}],"about":[{"href":"https:\/\/irankiuzona.lt\/ru\/wp-json\/wp\/v2\/types\/product"}],"replies":[{"embeddable":true,"href":"https:\/\/irankiuzona.lt\/ru\/wp-json\/wp\/v2\/comments?post=221675"}],"version-history":[{"count":1,"href":"https:\/\/irankiuzona.lt\/ru\/wp-json\/wp\/v2\/product\/221675\/revisions"}],"predecessor-version":[{"id":409440,"href":"https:\/\/irankiuzona.lt\/ru\/wp-json\/wp\/v2\/product\/221675\/revisions\/409440"}],"wp:featuredmedia":[{"embeddable":true,"href":"https:\/\/irankiuzona.lt\/ru\/wp-json\/wp\/v2\/media\/221677"}],"wp:attachment":[{"href":"https:\/\/irankiuzona.lt\/ru\/wp-json\/wp\/v2\/media?parent=221675"}],"wp:term":[{"taxonomy":"product_cat","embeddable":true,"href":"https:\/\/irankiuzona.lt\/ru\/wp-json\/wp\/v2\/product_cat?post=221675"},{"taxonomy":"product_tag","embeddable":true,"href":"https:\/\/irankiuzona.lt\/ru\/wp-json\/wp\/v2\/product_tag?post=221675"}],"curies":[{"name":"wp","href":"https:\/\/api.w.org\/{rel}","templated":true}]}}