{"id":221967,"date":"2024-09-29T00:40:19","date_gmt":"2024-09-29T00:40:19","guid":{"rendered":"https:\/\/irankiuzona.lt\/product\/spiralinis-medzio-graztas-22460-mm\/"},"modified":"2026-04-14T03:24:29","modified_gmt":"2026-04-14T03:24:29","slug":"spiralinis-medzio-graztas-22460-mm","status":"publish","type":"product","link":"https:\/\/irankiuzona.lt\/ru\/product\/spiralinis-medzio-graztas-22460-mm\/","title":{"rendered":"Spiralinis med\u017eio gr\u0105\u017etas 22*460 mm"},"content":{"rendered":"<p>Gr\u0105\u017eto skersmuo 22 mm<br \/>\nGr\u0105\u017eto ilgis 460 mm<\/p>","protected":false},"excerpt":{"rendered":"<p>Gr\u0105\u017etas med\u017eiui spiralinis\u00a022*460 mm<\/p>","protected":false},"featured_media":221969,"comment_status":"open","ping_status":"open","template":"","meta":[],"product_cat":[9658],"product_tag":[9628],"class_list":{"0":"post-221967","1":"product","2":"type-product","3":"status-publish","4":"has-post-thumbnail","6":"product_brand-condor-lenkija","7":"product_cat-spiraliniai-graztai-medziui","8":"product_tag-condor-lenkija","10":"first","11":"instock","12":"purchasable","13":"product-type-simple"},"jetpack_sharing_enabled":true,"_links":{"self":[{"href":"https:\/\/irankiuzona.lt\/ru\/wp-json\/wp\/v2\/product\/221967","targetHints":{"allow":["GET"]}}],"collection":[{"href":"https:\/\/irankiuzona.lt\/ru\/wp-json\/wp\/v2\/product"}],"about":[{"href":"https:\/\/irankiuzona.lt\/ru\/wp-json\/wp\/v2\/types\/product"}],"replies":[{"embeddable":true,"href":"https:\/\/irankiuzona.lt\/ru\/wp-json\/wp\/v2\/comments?post=221967"}],"version-history":[{"count":1,"href":"https:\/\/irankiuzona.lt\/ru\/wp-json\/wp\/v2\/product\/221967\/revisions"}],"predecessor-version":[{"id":409489,"href":"https:\/\/irankiuzona.lt\/ru\/wp-json\/wp\/v2\/product\/221967\/revisions\/409489"}],"wp:featuredmedia":[{"embeddable":true,"href":"https:\/\/irankiuzona.lt\/ru\/wp-json\/wp\/v2\/media\/221969"}],"wp:attachment":[{"href":"https:\/\/irankiuzona.lt\/ru\/wp-json\/wp\/v2\/media?parent=221967"}],"wp:term":[{"taxonomy":"product_cat","embeddable":true,"href":"https:\/\/irankiuzona.lt\/ru\/wp-json\/wp\/v2\/product_cat?post=221967"},{"taxonomy":"product_tag","embeddable":true,"href":"https:\/\/irankiuzona.lt\/ru\/wp-json\/wp\/v2\/product_tag?post=221967"}],"curies":[{"name":"wp","href":"https:\/\/api.w.org\/{rel}","templated":true}]}}