{"id":222028,"date":"2024-09-29T00:40:26","date_gmt":"2024-09-29T00:40:26","guid":{"rendered":"https:\/\/irankiuzona.lt\/product\/padas-slifavimo-gum-greztuvui-125mm\/"},"modified":"2026-04-04T17:16:09","modified_gmt":"2026-04-04T17:16:09","slug":"padas-slifavimo-gum-greztuvui-125mm","status":"publish","type":"product","link":"https:\/\/irankiuzona.lt\/ru\/product\/padas-slifavimo-gum-greztuvui-125mm\/","title":{"rendered":"Padas \u0161lifavimo gum. gr\u0119\u017etuvui 125mm"},"content":{"rendered":"<p>Padas \u0161lifavimo gum. gr\u0119\u017etuvui 125mm\u00a0<\/p>","protected":false},"excerpt":{"rendered":"<p>Padas \u0161lifavimo gum. gr\u0119\u017etuvui 125mm\u00a0<\/p>","protected":false},"featured_media":222030,"comment_status":"open","ping_status":"open","template":"","meta":[],"product_cat":[9474],"product_tag":[9628],"class_list":{"0":"post-222028","1":"product","2":"type-product","3":"status-publish","4":"has-post-thumbnail","6":"product_brand-condor-lenkija","7":"product_cat-slifavimo-padai","8":"product_tag-condor-lenkija","10":"first","11":"instock","12":"purchasable","13":"product-type-simple"},"jetpack_sharing_enabled":true,"_links":{"self":[{"href":"https:\/\/irankiuzona.lt\/ru\/wp-json\/wp\/v2\/product\/222028","targetHints":{"allow":["GET"]}}],"collection":[{"href":"https:\/\/irankiuzona.lt\/ru\/wp-json\/wp\/v2\/product"}],"about":[{"href":"https:\/\/irankiuzona.lt\/ru\/wp-json\/wp\/v2\/types\/product"}],"replies":[{"embeddable":true,"href":"https:\/\/irankiuzona.lt\/ru\/wp-json\/wp\/v2\/comments?post=222028"}],"version-history":[{"count":0,"href":"https:\/\/irankiuzona.lt\/ru\/wp-json\/wp\/v2\/product\/222028\/revisions"}],"wp:featuredmedia":[{"embeddable":true,"href":"https:\/\/irankiuzona.lt\/ru\/wp-json\/wp\/v2\/media\/222030"}],"wp:attachment":[{"href":"https:\/\/irankiuzona.lt\/ru\/wp-json\/wp\/v2\/media?parent=222028"}],"wp:term":[{"taxonomy":"product_cat","embeddable":true,"href":"https:\/\/irankiuzona.lt\/ru\/wp-json\/wp\/v2\/product_cat?post=222028"},{"taxonomy":"product_tag","embeddable":true,"href":"https:\/\/irankiuzona.lt\/ru\/wp-json\/wp\/v2\/product_tag?post=222028"}],"curies":[{"name":"wp","href":"https:\/\/api.w.org\/{rel}","templated":true}]}}