{"id":222098,"date":"2024-09-29T00:40:30","date_gmt":"2024-09-29T00:40:30","guid":{"rendered":"https:\/\/irankiuzona.lt\/product\/deimantine-grezimo-karuna-o-76mm\/"},"modified":"2026-04-06T19:08:18","modified_gmt":"2026-04-06T19:08:18","slug":"deimantine-grezimo-karuna-o-76mm","status":"publish","type":"product","link":"https:\/\/irankiuzona.lt\/ru\/product\/deimantine-grezimo-karuna-o-76mm\/","title":{"rendered":"Deimantin\u0117 gr\u0119\u017eimo kar\u016bna \u00d8 76mm"},"content":{"rendered":"<p>\u2022 Tiles, earthenware, marble, porcelain stoneware \u2022 Maximum operating speed : 800-1200 Tr\/Min.<\/p>","protected":false},"excerpt":{"rendered":"<p>Deimantin\u0117 gr\u0119\u017eimo kar\u016bn\u0117l\u0117 \u00d8 76mm<\/p>","protected":false},"featured_media":222100,"comment_status":"open","ping_status":"open","template":"","meta":[],"product_cat":[9675],"product_tag":[9478],"class_list":{"0":"post-222098","1":"product","2":"type-product","3":"status-publish","4":"has-post-thumbnail","6":"product_brand-leman-prancuzija","7":"product_cat-deimantines-grezimo-karunos","8":"product_tag-leman-prancuzija","10":"first","11":"instock","12":"purchasable","13":"product-type-simple"},"jetpack_sharing_enabled":true,"_links":{"self":[{"href":"https:\/\/irankiuzona.lt\/ru\/wp-json\/wp\/v2\/product\/222098","targetHints":{"allow":["GET"]}}],"collection":[{"href":"https:\/\/irankiuzona.lt\/ru\/wp-json\/wp\/v2\/product"}],"about":[{"href":"https:\/\/irankiuzona.lt\/ru\/wp-json\/wp\/v2\/types\/product"}],"replies":[{"embeddable":true,"href":"https:\/\/irankiuzona.lt\/ru\/wp-json\/wp\/v2\/comments?post=222098"}],"version-history":[{"count":0,"href":"https:\/\/irankiuzona.lt\/ru\/wp-json\/wp\/v2\/product\/222098\/revisions"}],"wp:featuredmedia":[{"embeddable":true,"href":"https:\/\/irankiuzona.lt\/ru\/wp-json\/wp\/v2\/media\/222100"}],"wp:attachment":[{"href":"https:\/\/irankiuzona.lt\/ru\/wp-json\/wp\/v2\/media?parent=222098"}],"wp:term":[{"taxonomy":"product_cat","embeddable":true,"href":"https:\/\/irankiuzona.lt\/ru\/wp-json\/wp\/v2\/product_cat?post=222098"},{"taxonomy":"product_tag","embeddable":true,"href":"https:\/\/irankiuzona.lt\/ru\/wp-json\/wp\/v2\/product_tag?post=222098"}],"curies":[{"name":"wp","href":"https:\/\/api.w.org\/{rel}","templated":true}]}}