{"id":222116,"date":"2024-09-29T00:40:31","date_gmt":"2024-09-29T00:40:31","guid":{"rendered":"https:\/\/irankiuzona.lt\/product\/galvute-1-2-11mm-cv\/"},"modified":"2026-05-13T23:25:47","modified_gmt":"2026-05-13T23:25:47","slug":"galvute-1-2-11mm-cv","status":"publish","type":"product","link":"https:\/\/irankiuzona.lt\/ru\/product\/galvute-1-2-11mm-cv\/","title":{"rendered":"Galvut\u0117 1\/2 11mm CV"},"content":{"rendered":"<p>Nuotrauka informacinio pob\u016bd\u017eio, prek\u0117s i\u0161vaizda gali skirtis nuo pavaizduotos.<\/p>","protected":false},"excerpt":{"rendered":"<p>Galvut\u0117 1\/2 11mm CV \u0161e\u0161iakamp\u0117<\/p>","protected":false},"featured_media":222118,"comment_status":"open","ping_status":"open","template":"","meta":[],"product_cat":[9470],"product_tag":[9435],"class_list":{"0":"post-222116","1":"product","2":"type-product","3":"status-publish","4":"has-post-thumbnail","6":"product_brand-kinija","7":"product_cat-1-2-125-mm-sesiakampes-galvutes","8":"product_tag-kinija","10":"first","11":"instock","12":"purchasable","13":"product-type-simple"},"jetpack_sharing_enabled":true,"_links":{"self":[{"href":"https:\/\/irankiuzona.lt\/ru\/wp-json\/wp\/v2\/product\/222116","targetHints":{"allow":["GET"]}}],"collection":[{"href":"https:\/\/irankiuzona.lt\/ru\/wp-json\/wp\/v2\/product"}],"about":[{"href":"https:\/\/irankiuzona.lt\/ru\/wp-json\/wp\/v2\/types\/product"}],"replies":[{"embeddable":true,"href":"https:\/\/irankiuzona.lt\/ru\/wp-json\/wp\/v2\/comments?post=222116"}],"version-history":[{"count":1,"href":"https:\/\/irankiuzona.lt\/ru\/wp-json\/wp\/v2\/product\/222116\/revisions"}],"predecessor-version":[{"id":409525,"href":"https:\/\/irankiuzona.lt\/ru\/wp-json\/wp\/v2\/product\/222116\/revisions\/409525"}],"wp:featuredmedia":[{"embeddable":true,"href":"https:\/\/irankiuzona.lt\/ru\/wp-json\/wp\/v2\/media\/222118"}],"wp:attachment":[{"href":"https:\/\/irankiuzona.lt\/ru\/wp-json\/wp\/v2\/media?parent=222116"}],"wp:term":[{"taxonomy":"product_cat","embeddable":true,"href":"https:\/\/irankiuzona.lt\/ru\/wp-json\/wp\/v2\/product_cat?post=222116"},{"taxonomy":"product_tag","embeddable":true,"href":"https:\/\/irankiuzona.lt\/ru\/wp-json\/wp\/v2\/product_tag?post=222116"}],"curies":[{"name":"wp","href":"https:\/\/api.w.org\/{rel}","templated":true}]}}