{"id":222179,"date":"2024-09-29T00:40:38","date_gmt":"2024-09-29T00:40:38","guid":{"rendered":"https:\/\/irankiuzona.lt\/product\/freza-pirstukine-medziui-1630658-mm\/"},"modified":"2026-05-10T07:42:31","modified_gmt":"2026-05-10T07:42:31","slug":"freza-pirstukine-medziui-1630658-mm","status":"publish","type":"product","link":"https:\/\/irankiuzona.lt\/ru\/product\/freza-pirstukine-medziui-1630658-mm\/","title":{"rendered":"Freza pir\u0161tukin\u0117 med\u017eiui 16*30*65*8 mm"},"content":{"rendered":"<p>Kotelio skersmuo 8 mm<br \/>\nFrezos skersmuo 16 mm<br \/>\nFrezos darbinis ilgis 30 mm<br \/>\nFrezos bendras ilgis 65\u00a0mm<\/p>\n<p>2 flute with front cut.For jointing groove, tonge and work in to the wood. * the bits diameters less than 7mm, are solid carbide made.<\/p>","protected":false},"excerpt":{"rendered":"<p>Med\u017eio pir\u0161tukin\u0117 freza\u00a016*30*65*8 mm<\/p>","protected":false},"featured_media":222181,"comment_status":"open","ping_status":"open","template":"","meta":[],"product_cat":[9458],"product_tag":[9478],"class_list":{"0":"post-222179","1":"product","2":"type-product","3":"status-publish","4":"has-post-thumbnail","6":"product_brand-leman-prancuzija","7":"product_cat-medzio-frezos","8":"product_tag-leman-prancuzija","10":"first","11":"instock","12":"purchasable","13":"product-type-simple"},"jetpack_sharing_enabled":true,"_links":{"self":[{"href":"https:\/\/irankiuzona.lt\/ru\/wp-json\/wp\/v2\/product\/222179","targetHints":{"allow":["GET"]}}],"collection":[{"href":"https:\/\/irankiuzona.lt\/ru\/wp-json\/wp\/v2\/product"}],"about":[{"href":"https:\/\/irankiuzona.lt\/ru\/wp-json\/wp\/v2\/types\/product"}],"replies":[{"embeddable":true,"href":"https:\/\/irankiuzona.lt\/ru\/wp-json\/wp\/v2\/comments?post=222179"}],"version-history":[{"count":1,"href":"https:\/\/irankiuzona.lt\/ru\/wp-json\/wp\/v2\/product\/222179\/revisions"}],"predecessor-version":[{"id":409546,"href":"https:\/\/irankiuzona.lt\/ru\/wp-json\/wp\/v2\/product\/222179\/revisions\/409546"}],"wp:featuredmedia":[{"embeddable":true,"href":"https:\/\/irankiuzona.lt\/ru\/wp-json\/wp\/v2\/media\/222181"}],"wp:attachment":[{"href":"https:\/\/irankiuzona.lt\/ru\/wp-json\/wp\/v2\/media?parent=222179"}],"wp:term":[{"taxonomy":"product_cat","embeddable":true,"href":"https:\/\/irankiuzona.lt\/ru\/wp-json\/wp\/v2\/product_cat?post=222179"},{"taxonomy":"product_tag","embeddable":true,"href":"https:\/\/irankiuzona.lt\/ru\/wp-json\/wp\/v2\/product_tag?post=222179"}],"curies":[{"name":"wp","href":"https:\/\/api.w.org\/{rel}","templated":true}]}}