{"id":222191,"date":"2024-09-29T00:40:39","date_gmt":"2024-09-29T00:40:39","guid":{"rendered":"https:\/\/irankiuzona.lt\/product\/terksle-teleskopine-3-4-24dant-610-1010-mm\/"},"modified":"2026-04-05T08:29:55","modified_gmt":"2026-04-05T08:29:55","slug":"terksle-teleskopine-3-4-24dant-610-1010-mm","status":"publish","type":"product","link":"https:\/\/irankiuzona.lt\/ru\/product\/terksle-teleskopine-3-4-24dant-610-1010-mm\/","title":{"rendered":"Terk\u0161l\u0117 teleskopin\u0117 3\/4&quot; 24dant. 610-1010 mm"},"content":{"rendered":"<p>Ilgis 610-1010 mm  6 pozic. 24 dant.<\/p>","protected":false},"excerpt":{"rendered":"<p>Terk\u0161l\u0117 teleskopin\u0117 3\/4&quot; 24dant. 610-1010 mm<\/p>","protected":false},"featured_media":222193,"comment_status":"open","ping_status":"open","template":"","meta":[],"product_cat":[9681],"product_tag":[9462],"class_list":{"0":"post-222191","1":"product","2":"type-product","3":"status-publish","4":"has-post-thumbnail","6":"product_brand-condor-werkzeug-vokietija","7":"product_cat-terksles-teleskopines","8":"product_tag-condor-werkzeug-vokietija","10":"first","11":"instock","12":"purchasable","13":"product-type-simple"},"jetpack_sharing_enabled":true,"_links":{"self":[{"href":"https:\/\/irankiuzona.lt\/ru\/wp-json\/wp\/v2\/product\/222191","targetHints":{"allow":["GET"]}}],"collection":[{"href":"https:\/\/irankiuzona.lt\/ru\/wp-json\/wp\/v2\/product"}],"about":[{"href":"https:\/\/irankiuzona.lt\/ru\/wp-json\/wp\/v2\/types\/product"}],"replies":[{"embeddable":true,"href":"https:\/\/irankiuzona.lt\/ru\/wp-json\/wp\/v2\/comments?post=222191"}],"version-history":[{"count":0,"href":"https:\/\/irankiuzona.lt\/ru\/wp-json\/wp\/v2\/product\/222191\/revisions"}],"wp:featuredmedia":[{"embeddable":true,"href":"https:\/\/irankiuzona.lt\/ru\/wp-json\/wp\/v2\/media\/222193"}],"wp:attachment":[{"href":"https:\/\/irankiuzona.lt\/ru\/wp-json\/wp\/v2\/media?parent=222191"}],"wp:term":[{"taxonomy":"product_cat","embeddable":true,"href":"https:\/\/irankiuzona.lt\/ru\/wp-json\/wp\/v2\/product_cat?post=222191"},{"taxonomy":"product_tag","embeddable":true,"href":"https:\/\/irankiuzona.lt\/ru\/wp-json\/wp\/v2\/product_tag?post=222191"}],"curies":[{"name":"wp","href":"https:\/\/api.w.org\/{rel}","templated":true}]}}