{"id":222206,"date":"2024-09-29T00:40:41","date_gmt":"2024-09-29T00:40:41","guid":{"rendered":"https:\/\/irankiuzona.lt\/product\/universalus-matuoklis-gulsciukas-vairui-suvedimui-270-350-mm\/"},"modified":"2026-05-14T20:04:37","modified_gmt":"2026-05-14T20:04:37","slug":"universalus-matuoklis-gulsciukas-vairui-suvedimui-270-350-mm","status":"publish","type":"product","link":"https:\/\/irankiuzona.lt\/ru\/product\/universalus-matuoklis-gulsciukas-vairui-suvedimui-270-350-mm\/","title":{"rendered":"Universalus matuoklis (guls\u010diukas) vairui, suvedimui 270-350 mm"},"content":{"rendered":"<p>Universalus matuoklis vairui 270-350 mm  Apra\u0161ymas vokie\u010di\u0173 kalba:  Universal-Einstellwaage f\u00fcr Lenkr\u00e4der &#8211; zum schnellen und genauen Ausrichten des Lenkrades  &#8211; einfaches Anbringen durch Federkern  &#8211; Spannbereich 270 &#8211; 350 mm, dadurch universell einsetzbar f\u00fcr PKW und LKW   Papildoma informacija: \u00a01 pav.<\/p>","protected":false},"excerpt":{"rendered":"<p>Universalus matuoklis (guls\u010diukas) vairui, suvedimui 270-350 mm<\/p>","protected":false},"featured_media":222208,"comment_status":"open","ping_status":"open","template":"","meta":[],"product_cat":[9525],"product_tag":[9462],"class_list":{"0":"post-222206","1":"product","2":"type-product","3":"status-publish","4":"has-post-thumbnail","6":"product_brand-condor-werkzeug-vokietija","7":"product_cat-ivairus-matuokliai-dazu-storio-padangu-gylio-indikatoriai","8":"product_tag-condor-werkzeug-vokietija","10":"first","11":"instock","12":"purchasable","13":"product-type-simple"},"jetpack_sharing_enabled":true,"_links":{"self":[{"href":"https:\/\/irankiuzona.lt\/ru\/wp-json\/wp\/v2\/product\/222206","targetHints":{"allow":["GET"]}}],"collection":[{"href":"https:\/\/irankiuzona.lt\/ru\/wp-json\/wp\/v2\/product"}],"about":[{"href":"https:\/\/irankiuzona.lt\/ru\/wp-json\/wp\/v2\/types\/product"}],"replies":[{"embeddable":true,"href":"https:\/\/irankiuzona.lt\/ru\/wp-json\/wp\/v2\/comments?post=222206"}],"version-history":[{"count":1,"href":"https:\/\/irankiuzona.lt\/ru\/wp-json\/wp\/v2\/product\/222206\/revisions"}],"predecessor-version":[{"id":409554,"href":"https:\/\/irankiuzona.lt\/ru\/wp-json\/wp\/v2\/product\/222206\/revisions\/409554"}],"wp:featuredmedia":[{"embeddable":true,"href":"https:\/\/irankiuzona.lt\/ru\/wp-json\/wp\/v2\/media\/222208"}],"wp:attachment":[{"href":"https:\/\/irankiuzona.lt\/ru\/wp-json\/wp\/v2\/media?parent=222206"}],"wp:term":[{"taxonomy":"product_cat","embeddable":true,"href":"https:\/\/irankiuzona.lt\/ru\/wp-json\/wp\/v2\/product_cat?post=222206"},{"taxonomy":"product_tag","embeddable":true,"href":"https:\/\/irankiuzona.lt\/ru\/wp-json\/wp\/v2\/product_tag?post=222206"}],"curies":[{"name":"wp","href":"https:\/\/api.w.org\/{rel}","templated":true}]}}