{"id":222356,"date":"2024-09-29T00:40:57","date_gmt":"2024-09-29T00:40:57","guid":{"rendered":"https:\/\/irankiuzona.lt\/product\/irankis-kaitinimo-zvakiu-grioveliu-tarsai-salinti-mercedes\/"},"modified":"2026-04-14T15:06:21","modified_gmt":"2026-04-14T15:06:21","slug":"irankis-kaitinimo-zvakiu-grioveliu-tarsai-salinti-mercedes","status":"publish","type":"product","link":"https:\/\/irankiuzona.lt\/ru\/product\/irankis-kaitinimo-zvakiu-grioveliu-tarsai-salinti-mercedes\/","title":{"rendered":"\u012erankis kaitinimo \u017evaki\u0173 grioveli\u0173 tar\u0161ai \u0161alinti (Mercedes)"},"content":{"rendered":"<p>1 vnt. M10x1 (pavyzd\u017eiui , Mercedes OM611 \/ 612 \/ 613 ) 1 vnt.\u00a0M12x1.25 (pvz., Mercedes 4- vo\u017etuv\u0173 varikliai OM604 \/ 605 \/ 606 ) 1 vnt.\u00a0pa\u0161ildymo \u017evak\u0117 (OM611 \/ 612 \/ 613 )   Apra\u0161ymas vokie\u010di\u0173 kalba:  f\u00fcr Mercedes-Benz CDI-Motoren etc.<br \/>\n&#8211; zum Entfernen von Ablagerungen in der Gl\u00fchkerzenf\u00fchrung &#8211; zum Herausziehen der meist festsitzenden Gl\u00fchkerzen<br \/>\n1x Reibahle M10x1 (z.B. Mercedes OM611 \/ 612 \/ 613) 1x Reibahle M12x1.25 (z.B. Mercedes 4-Ventil Motoren OM604 \/ 605 \/ 606) 1x Gl\u00fchkerzen-Abzieher (f\u00fcr Gl\u00fchkerzen mit SW10, z.B. OM611 \/ 612 \/ 613) \u00a0<br \/>\nPapildoma informacija: 1 pav. \u00a0<br \/>\n\u00a0<\/p>","protected":false},"excerpt":{"rendered":"<p>\u012erankis kaitinimo \u017evaki\u0173 grioveli\u0173 tar\u0161ai \u0161alinti (Mercedes)<\/p>","protected":false},"featured_media":222358,"comment_status":"open","ping_status":"open","template":"","meta":[],"product_cat":[9699],"product_tag":[9462],"class_list":{"0":"post-222356","1":"product","2":"type-product","3":"status-publish","4":"has-post-thumbnail","6":"product_brand-condor-werkzeug-vokietija","7":"product_cat-uzluzusiu-zvakiu-remontui","8":"product_tag-condor-werkzeug-vokietija","10":"first","11":"instock","12":"purchasable","13":"product-type-simple"},"jetpack_sharing_enabled":true,"_links":{"self":[{"href":"https:\/\/irankiuzona.lt\/ru\/wp-json\/wp\/v2\/product\/222356","targetHints":{"allow":["GET"]}}],"collection":[{"href":"https:\/\/irankiuzona.lt\/ru\/wp-json\/wp\/v2\/product"}],"about":[{"href":"https:\/\/irankiuzona.lt\/ru\/wp-json\/wp\/v2\/types\/product"}],"replies":[{"embeddable":true,"href":"https:\/\/irankiuzona.lt\/ru\/wp-json\/wp\/v2\/comments?post=222356"}],"version-history":[{"count":1,"href":"https:\/\/irankiuzona.lt\/ru\/wp-json\/wp\/v2\/product\/222356\/revisions"}],"predecessor-version":[{"id":409606,"href":"https:\/\/irankiuzona.lt\/ru\/wp-json\/wp\/v2\/product\/222356\/revisions\/409606"}],"wp:featuredmedia":[{"embeddable":true,"href":"https:\/\/irankiuzona.lt\/ru\/wp-json\/wp\/v2\/media\/222358"}],"wp:attachment":[{"href":"https:\/\/irankiuzona.lt\/ru\/wp-json\/wp\/v2\/media?parent=222356"}],"wp:term":[{"taxonomy":"product_cat","embeddable":true,"href":"https:\/\/irankiuzona.lt\/ru\/wp-json\/wp\/v2\/product_cat?post=222356"},{"taxonomy":"product_tag","embeddable":true,"href":"https:\/\/irankiuzona.lt\/ru\/wp-json\/wp\/v2\/product_tag?post=222356"}],"curies":[{"name":"wp","href":"https:\/\/api.w.org\/{rel}","templated":true}]}}