{"id":222403,"date":"2024-09-29T00:41:02","date_gmt":"2024-09-29T00:41:02","guid":{"rendered":"https:\/\/irankiuzona.lt\/product\/dirzelio-krumpliaracio-itempiklis-vag-audi-vw\/"},"modified":"2026-04-16T12:47:04","modified_gmt":"2026-04-16T12:47:04","slug":"dirzelio-krumpliaracio-itempiklis-vag-audi-vw","status":"publish","type":"product","link":"https:\/\/irankiuzona.lt\/ru\/product\/dirzelio-krumpliaracio-itempiklis-vag-audi-vw\/","title":{"rendered":"Dir\u017eelio krumpliara\u010dio \u012ftempiklis (VAG\/ Audi, VW)"},"content":{"rendered":"<p>VW\/Audi dir\u017eelio krumpliara\u010dio \u012ftempiklis skirtas:  &#8211; VAG varikliams, ypa\u010d 4 ir 5 cil. T4 TDI  &#8211; lanksti galva (180 \u00b0) su fiksavimo var\u017etu, tod\u0117l gerai tinka ank\u0161tose vietose   Apra\u0161ymas vokie\u010di\u0173 kalba:  &#8211; f\u00fcr VAG-Motoren, insbesondere 4- und 5-Zyl. TDI und T4 Servopumpe &#8211; flexibler Kopf (180\u00b0) mit Feststellschraube, dadurch gut geeignet bei engen Platzverh\u00e4ltnissen   Papildoma informacija: 1 pav. 2 pav.<\/p>","protected":false},"excerpt":{"rendered":"<p>Dir\u017eelio krumpliara\u010dio \u012ftempiklis (VAG\/ Audi, VW)<\/p>","protected":false},"featured_media":222405,"comment_status":"open","ping_status":"open","template":"","meta":[],"product_cat":[9554],"product_tag":[9462],"class_list":{"0":"post-222403","1":"product","2":"type-product","3":"status-publish","4":"has-post-thumbnail","6":"product_brand-condor-werkzeug-vokietija","7":"product_cat-irankiai-dirzeliui-dirzo-itempimui","8":"product_tag-condor-werkzeug-vokietija","10":"first","11":"instock","12":"purchasable","13":"product-type-simple"},"jetpack_sharing_enabled":true,"_links":{"self":[{"href":"https:\/\/irankiuzona.lt\/ru\/wp-json\/wp\/v2\/product\/222403","targetHints":{"allow":["GET"]}}],"collection":[{"href":"https:\/\/irankiuzona.lt\/ru\/wp-json\/wp\/v2\/product"}],"about":[{"href":"https:\/\/irankiuzona.lt\/ru\/wp-json\/wp\/v2\/types\/product"}],"replies":[{"embeddable":true,"href":"https:\/\/irankiuzona.lt\/ru\/wp-json\/wp\/v2\/comments?post=222403"}],"version-history":[{"count":1,"href":"https:\/\/irankiuzona.lt\/ru\/wp-json\/wp\/v2\/product\/222403\/revisions"}],"predecessor-version":[{"id":409622,"href":"https:\/\/irankiuzona.lt\/ru\/wp-json\/wp\/v2\/product\/222403\/revisions\/409622"}],"wp:featuredmedia":[{"embeddable":true,"href":"https:\/\/irankiuzona.lt\/ru\/wp-json\/wp\/v2\/media\/222405"}],"wp:attachment":[{"href":"https:\/\/irankiuzona.lt\/ru\/wp-json\/wp\/v2\/media?parent=222403"}],"wp:term":[{"taxonomy":"product_cat","embeddable":true,"href":"https:\/\/irankiuzona.lt\/ru\/wp-json\/wp\/v2\/product_cat?post=222403"},{"taxonomy":"product_tag","embeddable":true,"href":"https:\/\/irankiuzona.lt\/ru\/wp-json\/wp\/v2\/product_tag?post=222403"}],"curies":[{"name":"wp","href":"https:\/\/api.w.org\/{rel}","templated":true}]}}