{"id":222406,"date":"2024-09-29T00:41:03","date_gmt":"2024-09-29T00:41:03","guid":{"rendered":"https:\/\/irankiuzona.lt\/product\/veleno-dirzelio-itempimo-raktas-vag\/"},"modified":"2026-04-13T22:00:57","modified_gmt":"2026-04-13T22:00:57","slug":"veleno-dirzelio-itempimo-raktas-vag","status":"publish","type":"product","link":"https:\/\/irankiuzona.lt\/ru\/product\/veleno-dirzelio-itempimo-raktas-vag\/","title":{"rendered":"Veleno dir\u017eelio \u012ftempimo raktas (VAG)"},"content":{"rendered":"<p>Veleno dir\u017eelio \u012ftempimo raktas skirtas:  VAG varikliams , ypa\u010d 4 ir 5 cil. T4 TDI  Lanksti galva (180 \u00b0) su fiksavimo var\u017etu, tod\u0117l gerai tinka ank\u0161tose vietose   Apra\u0161ymas vokie\u010di\u0173 kalba:  Zahnriemen-Spannrollenschl\u00fcssel, extra flach, VAG  &#8211; f\u00fcr VAG-Motoren, insbesondere 4- und 5-Zyl. TDI und T4 Servopumpe &#8211; flexibler Kopf (180\u00b0) mit Feststellschraube, dadurch gut geeignet bei engen Platzverh\u00e4ltnissen \u00a0  Papildoma informacija: 1 pav.<\/p>","protected":false},"excerpt":{"rendered":"<p>Veleno dir\u017eelio \u012ftempimo raktas (VAG)<\/p>","protected":false},"featured_media":222408,"comment_status":"open","ping_status":"open","template":"","meta":[],"product_cat":[9554],"product_tag":[9462],"class_list":{"0":"post-222406","1":"product","2":"type-product","3":"status-publish","4":"has-post-thumbnail","6":"product_brand-condor-werkzeug-vokietija","7":"product_cat-irankiai-dirzeliui-dirzo-itempimui","8":"product_tag-condor-werkzeug-vokietija","10":"first","11":"instock","12":"purchasable","13":"product-type-simple"},"jetpack_sharing_enabled":true,"_links":{"self":[{"href":"https:\/\/irankiuzona.lt\/ru\/wp-json\/wp\/v2\/product\/222406","targetHints":{"allow":["GET"]}}],"collection":[{"href":"https:\/\/irankiuzona.lt\/ru\/wp-json\/wp\/v2\/product"}],"about":[{"href":"https:\/\/irankiuzona.lt\/ru\/wp-json\/wp\/v2\/types\/product"}],"replies":[{"embeddable":true,"href":"https:\/\/irankiuzona.lt\/ru\/wp-json\/wp\/v2\/comments?post=222406"}],"version-history":[{"count":1,"href":"https:\/\/irankiuzona.lt\/ru\/wp-json\/wp\/v2\/product\/222406\/revisions"}],"predecessor-version":[{"id":409623,"href":"https:\/\/irankiuzona.lt\/ru\/wp-json\/wp\/v2\/product\/222406\/revisions\/409623"}],"wp:featuredmedia":[{"embeddable":true,"href":"https:\/\/irankiuzona.lt\/ru\/wp-json\/wp\/v2\/media\/222408"}],"wp:attachment":[{"href":"https:\/\/irankiuzona.lt\/ru\/wp-json\/wp\/v2\/media?parent=222406"}],"wp:term":[{"taxonomy":"product_cat","embeddable":true,"href":"https:\/\/irankiuzona.lt\/ru\/wp-json\/wp\/v2\/product_cat?post=222406"},{"taxonomy":"product_tag","embeddable":true,"href":"https:\/\/irankiuzona.lt\/ru\/wp-json\/wp\/v2\/product_tag?post=222406"}],"curies":[{"name":"wp","href":"https:\/\/api.w.org\/{rel}","templated":true}]}}