{"id":222409,"date":"2024-09-29T00:41:03","date_gmt":"2024-09-29T00:41:03","guid":{"rendered":"https:\/\/irankiuzona.lt\/product\/raktas-dirzelio-itempimui-11-daliu\/"},"modified":"2026-04-13T18:19:21","modified_gmt":"2026-04-13T18:19:21","slug":"raktas-dirzelio-itempimui-11-daliu","status":"publish","type":"product","link":"https:\/\/irankiuzona.lt\/ru\/product\/raktas-dirzelio-itempimui-11-daliu\/","title":{"rendered":"Raktas dir\u017eelio \u012ftempimui 11 dali\u0173"},"content":{"rendered":"<p>Taikomas beveik visose transporto priemon\u0117se<br \/>\n1 vnt. 520 mm ilgio , reguliuojamas \u00f8 40-220 mm 2 vnt.\u00a0\u00d8 6 &#8211; 10 mm 2 vnt.\u00a0\u00d8 8 &#8211; 11 mm 2\u00a0vnt.\u00a0\u00d8 10 &#8211; 12 mm 2 vnt.\u00a0\u00d8 11 &#8211; 16 mm 2 vnt. ver\u017el\u0117s  Apra\u0161ymas\u00a0vokie\u010di\u0173 kalba:<\/p>\n<p>F\u00fcr gelochte Riemenscheiben<br \/>\n&#8211; universell einsetzbar f\u00fcr fast alle Fahrzeuge &#8211; zum L\u00f6sen der Befestigungsschrauben an Riemenscheiben  &#8211; zum Gegenhalten z.B. Zahnriemenr\u00e4der an Nockenwellen oder Einspritzpumpen<br \/>\n1x Gegenhalter 520 mm lang, verstellbar \u00f8 40 \u2013 220 mm 2x Zapfen \u00f8 6 \u2013 10 mm 2x Zapfen \u00f8 8 \u2013 11 mm 2x Zapfen \u00f8 10 \u2013 12 mm 2x Zapfen \u00f8 11 \u2013 16 mm 2x Befestigungs-Mutter f\u00fcr Zapfen<\/p>\n<p>Papildoma informacija:<\/p>","protected":false},"excerpt":{"rendered":"<p>Raktas dir\u017eelio \u012ftempimui 11 dali\u0173<\/p>","protected":false},"featured_media":222411,"comment_status":"open","ping_status":"open","template":"","meta":[],"product_cat":[9554],"product_tag":[9462],"class_list":{"0":"post-222409","1":"product","2":"type-product","3":"status-publish","4":"has-post-thumbnail","6":"product_brand-condor-werkzeug-vokietija","7":"product_cat-irankiai-dirzeliui-dirzo-itempimui","8":"product_tag-condor-werkzeug-vokietija","10":"first","11":"instock","12":"purchasable","13":"product-type-simple"},"jetpack_sharing_enabled":true,"_links":{"self":[{"href":"https:\/\/irankiuzona.lt\/ru\/wp-json\/wp\/v2\/product\/222409","targetHints":{"allow":["GET"]}}],"collection":[{"href":"https:\/\/irankiuzona.lt\/ru\/wp-json\/wp\/v2\/product"}],"about":[{"href":"https:\/\/irankiuzona.lt\/ru\/wp-json\/wp\/v2\/types\/product"}],"replies":[{"embeddable":true,"href":"https:\/\/irankiuzona.lt\/ru\/wp-json\/wp\/v2\/comments?post=222409"}],"version-history":[{"count":1,"href":"https:\/\/irankiuzona.lt\/ru\/wp-json\/wp\/v2\/product\/222409\/revisions"}],"predecessor-version":[{"id":409624,"href":"https:\/\/irankiuzona.lt\/ru\/wp-json\/wp\/v2\/product\/222409\/revisions\/409624"}],"wp:featuredmedia":[{"embeddable":true,"href":"https:\/\/irankiuzona.lt\/ru\/wp-json\/wp\/v2\/media\/222411"}],"wp:attachment":[{"href":"https:\/\/irankiuzona.lt\/ru\/wp-json\/wp\/v2\/media?parent=222409"}],"wp:term":[{"taxonomy":"product_cat","embeddable":true,"href":"https:\/\/irankiuzona.lt\/ru\/wp-json\/wp\/v2\/product_cat?post=222409"},{"taxonomy":"product_tag","embeddable":true,"href":"https:\/\/irankiuzona.lt\/ru\/wp-json\/wp\/v2\/product_tag?post=222409"}],"curies":[{"name":"wp","href":"https:\/\/api.w.org\/{rel}","templated":true}]}}