{"id":222475,"date":"2024-09-29T00:50:10","date_gmt":"2024-09-29T00:50:10","guid":{"rendered":"https:\/\/irankiuzona.lt\/product\/adapteriai-su-magnetu-1-43-81-2\/"},"modified":"2026-05-16T16:39:49","modified_gmt":"2026-05-16T16:39:49","slug":"adapteriai-su-magnetu-1-43-81-2","status":"publish","type":"product","link":"https:\/\/irankiuzona.lt\/ru\/product\/adapteriai-su-magnetu-1-43-81-2\/","title":{"rendered":"Adapteriai su magnetu 1\/4&quot;+3\/8&quot;+1\/2&quot;"},"content":{"rendered":"<p>Prailginimai su magnetu, skirti sunkiai prieinamose vietose, kad nepamesti var\u017eto ar ver\u017el\u0117s.<\/p>\n<p>with magnet for secure holding of screws<br \/>\nspecially suitable for hard-to-reach areas<\/p>","protected":false},"excerpt":{"rendered":"<p>Magnetini\u0173 prailgintuv\u0173 komplektas\u00a01\/4&quot;+3\/8&quot;+1\/2&quot;<\/p>","protected":false},"featured_media":222477,"comment_status":"open","ping_status":"open","template":"","meta":[],"product_cat":[9509],"product_tag":[9462],"class_list":{"0":"post-222475","1":"product","2":"type-product","3":"status-publish","4":"has-post-thumbnail","6":"product_brand-condor-werkzeug-vokietija","7":"product_cat-prailgintuvu-komplektai","8":"product_tag-condor-werkzeug-vokietija","10":"first","11":"instock","12":"purchasable","13":"product-type-simple"},"jetpack_sharing_enabled":true,"_links":{"self":[{"href":"https:\/\/irankiuzona.lt\/ru\/wp-json\/wp\/v2\/product\/222475","targetHints":{"allow":["GET"]}}],"collection":[{"href":"https:\/\/irankiuzona.lt\/ru\/wp-json\/wp\/v2\/product"}],"about":[{"href":"https:\/\/irankiuzona.lt\/ru\/wp-json\/wp\/v2\/types\/product"}],"replies":[{"embeddable":true,"href":"https:\/\/irankiuzona.lt\/ru\/wp-json\/wp\/v2\/comments?post=222475"}],"version-history":[{"count":1,"href":"https:\/\/irankiuzona.lt\/ru\/wp-json\/wp\/v2\/product\/222475\/revisions"}],"predecessor-version":[{"id":409646,"href":"https:\/\/irankiuzona.lt\/ru\/wp-json\/wp\/v2\/product\/222475\/revisions\/409646"}],"wp:featuredmedia":[{"embeddable":true,"href":"https:\/\/irankiuzona.lt\/ru\/wp-json\/wp\/v2\/media\/222477"}],"wp:attachment":[{"href":"https:\/\/irankiuzona.lt\/ru\/wp-json\/wp\/v2\/media?parent=222475"}],"wp:term":[{"taxonomy":"product_cat","embeddable":true,"href":"https:\/\/irankiuzona.lt\/ru\/wp-json\/wp\/v2\/product_cat?post=222475"},{"taxonomy":"product_tag","embeddable":true,"href":"https:\/\/irankiuzona.lt\/ru\/wp-json\/wp\/v2\/product_tag?post=222475"}],"curies":[{"name":"wp","href":"https:\/\/api.w.org\/{rel}","templated":true}]}}