{"id":222737,"date":"2024-09-29T00:50:35","date_gmt":"2024-09-29T00:50:35","guid":{"rendered":"https:\/\/irankiuzona.lt\/product\/grezimo-karuna-o-63mm-volframine\/"},"modified":"2026-04-16T06:36:34","modified_gmt":"2026-04-16T06:36:34","slug":"grezimo-karuna-o-63mm-volframine","status":"publish","type":"product","link":"https:\/\/irankiuzona.lt\/ru\/product\/grezimo-karuna-o-63mm-volframine\/","title":{"rendered":"Gr\u0119\u017eimo kar\u016bna \u00d8 63mm \/ volframin\u0117"},"content":{"rendered":"<p>Be laikiklio! Diametras &#8211;\u00a0\u00d8 63 mm Gylis \/ auk\u0161tis &#8211; 55 mm<\/p>\n<p>\u2022\u00a0Floor tile \u2022 Carbide grit hole saw, base plate and drill control not included.<\/p>","protected":false},"excerpt":{"rendered":"<p>Gr\u0119\u017eimo kar\u016bna \u00d8 63 mm volframin\u0117 \/ gr\u0105\u017etas volframinis\u00a0\u00d8 63mm<\/p>","protected":false},"featured_media":222739,"comment_status":"open","ping_status":"open","template":"","meta":[],"product_cat":[9580],"product_tag":[9478],"class_list":{"0":"post-222737","1":"product","2":"type-product","3":"status-publish","4":"has-post-thumbnail","6":"product_brand-leman-prancuzija","7":"product_cat-volframines-grezimo-karunos","8":"product_tag-leman-prancuzija","10":"first","11":"outofstock","12":"purchasable","13":"product-type-simple"},"jetpack_sharing_enabled":true,"_links":{"self":[{"href":"https:\/\/irankiuzona.lt\/ru\/wp-json\/wp\/v2\/product\/222737","targetHints":{"allow":["GET"]}}],"collection":[{"href":"https:\/\/irankiuzona.lt\/ru\/wp-json\/wp\/v2\/product"}],"about":[{"href":"https:\/\/irankiuzona.lt\/ru\/wp-json\/wp\/v2\/types\/product"}],"replies":[{"embeddable":true,"href":"https:\/\/irankiuzona.lt\/ru\/wp-json\/wp\/v2\/comments?post=222737"}],"version-history":[{"count":1,"href":"https:\/\/irankiuzona.lt\/ru\/wp-json\/wp\/v2\/product\/222737\/revisions"}],"predecessor-version":[{"id":409727,"href":"https:\/\/irankiuzona.lt\/ru\/wp-json\/wp\/v2\/product\/222737\/revisions\/409727"}],"wp:featuredmedia":[{"embeddable":true,"href":"https:\/\/irankiuzona.lt\/ru\/wp-json\/wp\/v2\/media\/222739"}],"wp:attachment":[{"href":"https:\/\/irankiuzona.lt\/ru\/wp-json\/wp\/v2\/media?parent=222737"}],"wp:term":[{"taxonomy":"product_cat","embeddable":true,"href":"https:\/\/irankiuzona.lt\/ru\/wp-json\/wp\/v2\/product_cat?post=222737"},{"taxonomy":"product_tag","embeddable":true,"href":"https:\/\/irankiuzona.lt\/ru\/wp-json\/wp\/v2\/product_tag?post=222737"}],"curies":[{"name":"wp","href":"https:\/\/api.w.org\/{rel}","templated":true}]}}