{"id":222746,"date":"2024-09-29T00:50:36","date_gmt":"2024-09-29T00:50:36","guid":{"rendered":"https:\/\/irankiuzona.lt\/product\/graztas-volframinei-grezimo-karunai\/"},"modified":"2026-04-16T06:36:34","modified_gmt":"2026-04-16T06:36:34","slug":"graztas-volframinei-grezimo-karunai","status":"publish","type":"product","link":"https:\/\/irankiuzona.lt\/ru\/product\/graztas-volframinei-grezimo-karunai\/","title":{"rendered":"Gr\u0105\u017etas volframinei gr\u0119\u017eimo kar\u016bnai"},"content":{"rendered":"<p>Gr\u0105\u017etas plytel\u0117ms \u012f laikikl\u012f &#8211; F020060<\/p>","protected":false},"excerpt":{"rendered":"<p>Gr\u0105\u017etas volframinei gr\u0119\u017eimo kar\u016bnai \/ gr\u0105\u017etas volframiniam laikikliui<\/p>","protected":false},"featured_media":222748,"comment_status":"open","ping_status":"open","template":"","meta":[],"product_cat":[9580],"product_tag":[9478],"class_list":{"0":"post-222746","1":"product","2":"type-product","3":"status-publish","4":"has-post-thumbnail","6":"product_brand-leman-prancuzija","7":"product_cat-volframines-grezimo-karunos","8":"product_tag-leman-prancuzija","10":"first","11":"outofstock","12":"purchasable","13":"product-type-simple"},"jetpack_sharing_enabled":true,"_links":{"self":[{"href":"https:\/\/irankiuzona.lt\/ru\/wp-json\/wp\/v2\/product\/222746","targetHints":{"allow":["GET"]}}],"collection":[{"href":"https:\/\/irankiuzona.lt\/ru\/wp-json\/wp\/v2\/product"}],"about":[{"href":"https:\/\/irankiuzona.lt\/ru\/wp-json\/wp\/v2\/types\/product"}],"replies":[{"embeddable":true,"href":"https:\/\/irankiuzona.lt\/ru\/wp-json\/wp\/v2\/comments?post=222746"}],"version-history":[{"count":1,"href":"https:\/\/irankiuzona.lt\/ru\/wp-json\/wp\/v2\/product\/222746\/revisions"}],"predecessor-version":[{"id":409730,"href":"https:\/\/irankiuzona.lt\/ru\/wp-json\/wp\/v2\/product\/222746\/revisions\/409730"}],"wp:featuredmedia":[{"embeddable":true,"href":"https:\/\/irankiuzona.lt\/ru\/wp-json\/wp\/v2\/media\/222748"}],"wp:attachment":[{"href":"https:\/\/irankiuzona.lt\/ru\/wp-json\/wp\/v2\/media?parent=222746"}],"wp:term":[{"taxonomy":"product_cat","embeddable":true,"href":"https:\/\/irankiuzona.lt\/ru\/wp-json\/wp\/v2\/product_cat?post=222746"},{"taxonomy":"product_tag","embeddable":true,"href":"https:\/\/irankiuzona.lt\/ru\/wp-json\/wp\/v2\/product_tag?post=222746"}],"curies":[{"name":"wp","href":"https:\/\/api.w.org\/{rel}","templated":true}]}}