{"id":222749,"date":"2024-09-29T00:50:37","date_gmt":"2024-09-29T00:50:37","guid":{"rendered":"https:\/\/irankiuzona.lt\/product\/laikiklis-volframinei-grezimo-karunai\/"},"modified":"2026-04-16T07:34:05","modified_gmt":"2026-04-16T07:34:05","slug":"laikiklis-volframinei-grezimo-karunai","status":"publish","type":"product","link":"https:\/\/irankiuzona.lt\/ru\/product\/laikiklis-volframinei-grezimo-karunai\/","title":{"rendered":"Laikiklis volframinei gr\u0119\u017eimo kar\u016bnai"},"content":{"rendered":"<p>Komplekte kartu su gr\u0105\u017etu.<\/p>","protected":false},"excerpt":{"rendered":"<p>Laikiklis volframinei gr\u0119\u017eimo kar\u016bnai \/ laikiklis volframo gr\u0105\u017etui<\/p>","protected":false},"featured_media":222751,"comment_status":"open","ping_status":"open","template":"","meta":[],"product_cat":[9580],"product_tag":[9478],"class_list":{"0":"post-222749","1":"product","2":"type-product","3":"status-publish","4":"has-post-thumbnail","6":"product_brand-leman-prancuzija","7":"product_cat-volframines-grezimo-karunos","8":"product_tag-leman-prancuzija","10":"first","11":"instock","12":"purchasable","13":"product-type-simple"},"jetpack_sharing_enabled":true,"_links":{"self":[{"href":"https:\/\/irankiuzona.lt\/ru\/wp-json\/wp\/v2\/product\/222749","targetHints":{"allow":["GET"]}}],"collection":[{"href":"https:\/\/irankiuzona.lt\/ru\/wp-json\/wp\/v2\/product"}],"about":[{"href":"https:\/\/irankiuzona.lt\/ru\/wp-json\/wp\/v2\/types\/product"}],"replies":[{"embeddable":true,"href":"https:\/\/irankiuzona.lt\/ru\/wp-json\/wp\/v2\/comments?post=222749"}],"version-history":[{"count":1,"href":"https:\/\/irankiuzona.lt\/ru\/wp-json\/wp\/v2\/product\/222749\/revisions"}],"predecessor-version":[{"id":409731,"href":"https:\/\/irankiuzona.lt\/ru\/wp-json\/wp\/v2\/product\/222749\/revisions\/409731"}],"wp:featuredmedia":[{"embeddable":true,"href":"https:\/\/irankiuzona.lt\/ru\/wp-json\/wp\/v2\/media\/222751"}],"wp:attachment":[{"href":"https:\/\/irankiuzona.lt\/ru\/wp-json\/wp\/v2\/media?parent=222749"}],"wp:term":[{"taxonomy":"product_cat","embeddable":true,"href":"https:\/\/irankiuzona.lt\/ru\/wp-json\/wp\/v2\/product_cat?post=222749"},{"taxonomy":"product_tag","embeddable":true,"href":"https:\/\/irankiuzona.lt\/ru\/wp-json\/wp\/v2\/product_tag?post=222749"}],"curies":[{"name":"wp","href":"https:\/\/api.w.org\/{rel}","templated":true}]}}