{"id":222758,"date":"2024-09-29T00:50:38","date_gmt":"2024-09-29T00:50:38","guid":{"rendered":"https:\/\/irankiuzona.lt\/product\/sepetys-6x30-plieninis-o-75\/"},"modified":"2026-05-15T15:55:24","modified_gmt":"2026-05-15T15:55:24","slug":"sepetys-6x30-plieninis-o-75","status":"publish","type":"product","link":"https:\/\/irankiuzona.lt\/ru\/product\/sepetys-6x30-plieninis-o-75\/","title":{"rendered":"\u0160epetys 6&#215;30 plieninis \u00d8 75"},"content":{"rendered":"<p>Pranc\u016bzija<\/p>","protected":false},"excerpt":{"rendered":"<p>\u0160epetys 6&#215;30 plieninis \u00d8 75<\/p>","protected":false},"featured_media":222760,"comment_status":"open","ping_status":"open","template":"","meta":[],"product_cat":[9450],"product_tag":[9478],"class_list":{"0":"post-222758","1":"product","2":"type-product","3":"status-publish","4":"has-post-thumbnail","6":"product_brand-leman-prancuzija","7":"product_cat-sepeciai-greztuvui-slif-pj-irankiui","8":"product_tag-leman-prancuzija","10":"first","11":"outofstock","12":"purchasable","13":"product-type-simple"},"jetpack_sharing_enabled":true,"_links":{"self":[{"href":"https:\/\/irankiuzona.lt\/ru\/wp-json\/wp\/v2\/product\/222758","targetHints":{"allow":["GET"]}}],"collection":[{"href":"https:\/\/irankiuzona.lt\/ru\/wp-json\/wp\/v2\/product"}],"about":[{"href":"https:\/\/irankiuzona.lt\/ru\/wp-json\/wp\/v2\/types\/product"}],"replies":[{"embeddable":true,"href":"https:\/\/irankiuzona.lt\/ru\/wp-json\/wp\/v2\/comments?post=222758"}],"version-history":[{"count":1,"href":"https:\/\/irankiuzona.lt\/ru\/wp-json\/wp\/v2\/product\/222758\/revisions"}],"predecessor-version":[{"id":409734,"href":"https:\/\/irankiuzona.lt\/ru\/wp-json\/wp\/v2\/product\/222758\/revisions\/409734"}],"wp:featuredmedia":[{"embeddable":true,"href":"https:\/\/irankiuzona.lt\/ru\/wp-json\/wp\/v2\/media\/222760"}],"wp:attachment":[{"href":"https:\/\/irankiuzona.lt\/ru\/wp-json\/wp\/v2\/media?parent=222758"}],"wp:term":[{"taxonomy":"product_cat","embeddable":true,"href":"https:\/\/irankiuzona.lt\/ru\/wp-json\/wp\/v2\/product_cat?post=222758"},{"taxonomy":"product_tag","embeddable":true,"href":"https:\/\/irankiuzona.lt\/ru\/wp-json\/wp\/v2\/product_tag?post=222758"}],"curies":[{"name":"wp","href":"https:\/\/api.w.org\/{rel}","templated":true}]}}